{"id":988,"date":"2023-04-12T21:53:36","date_gmt":"2023-04-12T21:53:36","guid":{"rendered":"https:\/\/geostation.ee\/?post_type=product&#038;p=988"},"modified":"2026-02-27T14:07:40","modified_gmt":"2026-02-27T14:07:40","slug":"nedo-nivelliir-x32","status":"publish","type":"product","link":"https:\/\/geostation.ee\/en\/toode\/nedo-nivelliir-x32\/","title":{"rendered":"Nedo nivelliir X32"},"content":{"rendered":"<table style=\"height: 209px\" width=\"483\">\n<tbody>\n<tr>\n<td width=\"161\"><\/td>\n<td width=\"222\">Nedo X32<\/td>\n<\/tr>\n<tr>\n<td>Suurendus:<\/td>\n<td>32x<\/td>\n<\/tr>\n<tr>\n<td>L\u00fchim fookuskaugus:<\/td>\n<td>0.60 m<\/td>\n<\/tr>\n<tr>\n<td>Kompensaator:<\/td>\n<td>\u00b1 15\u2019<\/td>\n<\/tr>\n<tr>\n<td>Krv \/1km (edasi-tagasi):<\/td>\n<td>\u00b1 1.0 mm<\/td>\n<\/tr>\n<tr>\n<td>Tolmu- ja veekindlus:<\/td>\n<td>IP 54<\/td>\n<\/tr>\n<tr>\n<td>Kaal:<\/td>\n<td>1.6 kg<\/td>\n<\/tr>\n<\/tbody>\n<\/table>\n","protected":false},"excerpt":{"rendered":"<p>Tarneaeg: 1-3 t\u00f6\u00f6p\u00e4eva.<\/p>\n<p>Nedo optilised nivelliirid on t\u00e4psed, t\u00f6\u00f6kindlad ja ilmastikukindlad.<\/p>\n","protected":false},"featured_media":1050,"template":"","meta":[],"product_brand":[],"product_cat":[91,87],"product_tag":[95],"class_list":{"0":"post-988","1":"product","2":"type-product","3":"status-publish","4":"has-post-thumbnail","6":"product_cat-muud-mootevahendid","7":"product_cat-nivelliirid","8":"product_tag-nivel","9":"product_shipping_class-pakiautomaat","11":"first","12":"outofstock","13":"taxable","14":"shipping-taxable","15":"purchasable","16":"product-type-simple"},"jetpack_sharing_enabled":true,"_links":{"self":[{"href":"https:\/\/geostation.ee\/en\/wp-json\/wp\/v2\/product\/988","targetHints":{"allow":["GET"]}}],"collection":[{"href":"https:\/\/geostation.ee\/en\/wp-json\/wp\/v2\/product"}],"about":[{"href":"https:\/\/geostation.ee\/en\/wp-json\/wp\/v2\/types\/product"}],"wp:featuredmedia":[{"embeddable":true,"href":"https:\/\/geostation.ee\/en\/wp-json\/wp\/v2\/media\/1050"}],"wp:attachment":[{"href":"https:\/\/geostation.ee\/en\/wp-json\/wp\/v2\/media?parent=988"}],"wp:term":[{"taxonomy":"product_brand","embeddable":true,"href":"https:\/\/geostation.ee\/en\/wp-json\/wp\/v2\/product_brand?post=988"},{"taxonomy":"product_cat","embeddable":true,"href":"https:\/\/geostation.ee\/en\/wp-json\/wp\/v2\/product_cat?post=988"},{"taxonomy":"product_tag","embeddable":true,"href":"https:\/\/geostation.ee\/en\/wp-json\/wp\/v2\/product_tag?post=988"}],"curies":[{"name":"wp","href":"https:\/\/api.w.org\/{rel}","templated":true}]}}