{"id":982,"date":"2023-04-12T21:40:21","date_gmt":"2023-04-12T21:40:21","guid":{"rendered":"https:\/\/geostation.ee\/?post_type=product&#038;p=982"},"modified":"2025-05-21T13:32:51","modified_gmt":"2025-05-21T13:32:51","slug":"alumiiniumstatiiv-3-6-kg","status":"publish","type":"product","link":"https:\/\/geostation.ee\/en\/toode\/alumiiniumstatiiv-3-6-kg\/","title":{"rendered":"Alumiiniumstatiiv 3.6 kg"},"content":{"rendered":"<table style=\"height: 238px\" width=\"448\">\n<tbody>\n<tr>\n<td width=\"151\">Materjal<\/td>\n<td width=\"100\">alumiinium<\/td>\n<\/tr>\n<tr>\n<td width=\"151\">Kinnitus<\/td>\n<td>klamber<\/td>\n<\/tr>\n<tr>\n<td width=\"151\">Pikkus kokkupandult<\/td>\n<td>106 cm<\/td>\n<\/tr>\n<tr>\n<td width=\"151\">Min k\u00f5rgus<\/td>\n<td>0.91 m<\/td>\n<\/tr>\n<tr>\n<td width=\"151\">Max k\u00f5rgus<\/td>\n<td>1.69 m<\/td>\n<\/tr>\n<tr>\n<td width=\"151\">Kaal<\/td>\n<td>3.57 kg<\/td>\n<\/tr>\n<tr>\n<td width=\"151\">Plaadi l\u00e4bim\u00f5\u00f5t<\/td>\n<td>140 mm<\/td>\n<\/tr>\n<\/tbody>\n<\/table>\n","protected":false},"excerpt":{"rendered":"<p>Tarneaeg: 1-3 t\u00f6\u00f6p\u00e4eva.<\/p>\n","protected":false},"featured_media":983,"template":"","meta":[],"product_brand":[],"product_cat":[48],"product_tag":[95],"class_list":{"0":"post-982","1":"product","2":"type-product","3":"status-publish","4":"has-post-thumbnail","6":"product_cat-statiivid","7":"product_tag-nivel","8":"product_shipping_class-kuller","10":"first","11":"instock","12":"taxable","13":"shipping-taxable","14":"purchasable","15":"product-type-simple"},"jetpack_sharing_enabled":true,"_links":{"self":[{"href":"https:\/\/geostation.ee\/en\/wp-json\/wp\/v2\/product\/982","targetHints":{"allow":["GET"]}}],"collection":[{"href":"https:\/\/geostation.ee\/en\/wp-json\/wp\/v2\/product"}],"about":[{"href":"https:\/\/geostation.ee\/en\/wp-json\/wp\/v2\/types\/product"}],"wp:featuredmedia":[{"embeddable":true,"href":"https:\/\/geostation.ee\/en\/wp-json\/wp\/v2\/media\/983"}],"wp:attachment":[{"href":"https:\/\/geostation.ee\/en\/wp-json\/wp\/v2\/media?parent=982"}],"wp:term":[{"taxonomy":"product_brand","embeddable":true,"href":"https:\/\/geostation.ee\/en\/wp-json\/wp\/v2\/product_brand?post=982"},{"taxonomy":"product_cat","embeddable":true,"href":"https:\/\/geostation.ee\/en\/wp-json\/wp\/v2\/product_cat?post=982"},{"taxonomy":"product_tag","embeddable":true,"href":"https:\/\/geostation.ee\/en\/wp-json\/wp\/v2\/product_tag?post=982"}],"curies":[{"name":"wp","href":"https:\/\/api.w.org\/{rel}","templated":true}]}}