{"id":979,"date":"2023-04-12T21:25:50","date_gmt":"2023-04-12T21:25:50","guid":{"rendered":"https:\/\/geostation.ee\/?post_type=product&#038;p=979"},"modified":"2025-04-21T15:25:56","modified_gmt":"2025-04-21T15:25:56","slug":"poordlaseri-latt","status":"publish","type":"product","link":"https:\/\/geostation.ee\/en\/toode\/poordlaseri-latt\/","title":{"rendered":"P\u00f6\u00f6rdlaseri latt"},"content":{"rendered":"","protected":false},"excerpt":{"rendered":"<p>Tarneag: 1-3 t\u00f6\u00f6p\u00e4eva.<\/p>\n<p>Flexi rod m\u00f5\u00f5telatt on universaalse adaptriga ja kotis.<\/p>\n","protected":false},"featured_media":986,"template":"","meta":[],"product_brand":[],"product_cat":[88],"product_tag":[96],"class_list":{"0":"post-979","1":"product","2":"type-product","3":"status-publish","4":"has-post-thumbnail","6":"product_cat-mootelatid","7":"product_tag-poordlaser","8":"product_shipping_class-kuller","10":"first","11":"instock","12":"taxable","13":"shipping-taxable","14":"purchasable","15":"product-type-simple"},"jetpack_sharing_enabled":true,"_links":{"self":[{"href":"https:\/\/geostation.ee\/en\/wp-json\/wp\/v2\/product\/979","targetHints":{"allow":["GET"]}}],"collection":[{"href":"https:\/\/geostation.ee\/en\/wp-json\/wp\/v2\/product"}],"about":[{"href":"https:\/\/geostation.ee\/en\/wp-json\/wp\/v2\/types\/product"}],"wp:featuredmedia":[{"embeddable":true,"href":"https:\/\/geostation.ee\/en\/wp-json\/wp\/v2\/media\/986"}],"wp:attachment":[{"href":"https:\/\/geostation.ee\/en\/wp-json\/wp\/v2\/media?parent=979"}],"wp:term":[{"taxonomy":"product_brand","embeddable":true,"href":"https:\/\/geostation.ee\/en\/wp-json\/wp\/v2\/product_brand?post=979"},{"taxonomy":"product_cat","embeddable":true,"href":"https:\/\/geostation.ee\/en\/wp-json\/wp\/v2\/product_cat?post=979"},{"taxonomy":"product_tag","embeddable":true,"href":"https:\/\/geostation.ee\/en\/wp-json\/wp\/v2\/product_tag?post=979"}],"curies":[{"name":"wp","href":"https:\/\/api.w.org\/{rel}","templated":true}]}}