{"id":844,"date":"2023-04-07T17:08:35","date_gmt":"2023-04-07T17:08:35","guid":{"rendered":"https:\/\/geostation.ee\/?post_type=product&#038;p=844"},"modified":"2023-04-12T14:38:40","modified_gmt":"2023-04-12T14:38:40","slug":"trimble-5700-gps-vastuvotja","status":"publish","type":"product","link":"https:\/\/geostation.ee\/en\/toode\/trimble-5700-gps-vastuvotja\/","title":{"rendered":"Trimble 5700 GPS vastuv\u00f5tja"},"content":{"rendered":"","protected":false},"excerpt":{"rendered":"<p>Tarneaeg: 1-3 t\u00f6\u00f6p\u00e4eva.<\/p>\n<p>Kasutatud, t\u00f6\u00f6korras.<\/p>\n","protected":false},"featured_media":845,"template":"","meta":[],"product_brand":[],"product_cat":[54],"product_tag":[],"class_list":{"0":"post-844","1":"product","2":"type-product","3":"status-publish","4":"has-post-thumbnail","6":"product_cat-leiunurk","7":"product_shipping_class-pakiautomaat","9":"first","10":"instock","11":"taxable","12":"shipping-taxable","13":"purchasable","14":"product-type-simple"},"jetpack_sharing_enabled":true,"_links":{"self":[{"href":"https:\/\/geostation.ee\/en\/wp-json\/wp\/v2\/product\/844","targetHints":{"allow":["GET"]}}],"collection":[{"href":"https:\/\/geostation.ee\/en\/wp-json\/wp\/v2\/product"}],"about":[{"href":"https:\/\/geostation.ee\/en\/wp-json\/wp\/v2\/types\/product"}],"wp:featuredmedia":[{"embeddable":true,"href":"https:\/\/geostation.ee\/en\/wp-json\/wp\/v2\/media\/845"}],"wp:attachment":[{"href":"https:\/\/geostation.ee\/en\/wp-json\/wp\/v2\/media?parent=844"}],"wp:term":[{"taxonomy":"product_brand","embeddable":true,"href":"https:\/\/geostation.ee\/en\/wp-json\/wp\/v2\/product_brand?post=844"},{"taxonomy":"product_cat","embeddable":true,"href":"https:\/\/geostation.ee\/en\/wp-json\/wp\/v2\/product_cat?post=844"},{"taxonomy":"product_tag","embeddable":true,"href":"https:\/\/geostation.ee\/en\/wp-json\/wp\/v2\/product_tag?post=844"}],"curies":[{"name":"wp","href":"https:\/\/api.w.org\/{rel}","templated":true}]}}