{"id":819,"date":"2023-04-07T09:58:39","date_gmt":"2023-04-07T09:58:39","guid":{"rendered":"https:\/\/geostation.ee\/?post_type=product&#038;p=819"},"modified":"2025-05-21T13:37:09","modified_gmt":"2025-05-21T13:37:09","slug":"nedo-puitstatiiv","status":"publish","type":"product","link":"https:\/\/geostation.ee\/en\/toode\/nedo-puitstatiiv\/","title":{"rendered":"Nedo puitstatiiv 5.1 kg"},"content":{"rendered":"<table style=\"height: 198px\" width=\"314\">\n<tbody>\n<tr>\n<td width=\"155\">Materjal<\/td>\n<td width=\"74\">puit<\/td>\n<\/tr>\n<tr>\n<td width=\"155\">Kinnitus<\/td>\n<td width=\"74\">klamber\/kruvi<\/td>\n<\/tr>\n<tr>\n<td width=\"155\">Pikkus kokkupandult<\/td>\n<td width=\"74\">110 cm<\/td>\n<\/tr>\n<tr>\n<td width=\"155\">Min k\u00f5rgus<\/td>\n<td width=\"74\">1.02 m<\/td>\n<\/tr>\n<tr>\n<td width=\"155\">Max k\u00f5rgus<\/td>\n<td width=\"74\">1.65 m<\/td>\n<\/tr>\n<tr>\n<td width=\"155\">Kaal<\/td>\n<td width=\"74\">5.1 kg<\/td>\n<\/tr>\n<tr>\n<td width=\"155\">Plaadi l\u00e4bim\u00f5\u00f5t<\/td>\n<td width=\"74\">140 mm<\/td>\n<\/tr>\n<\/tbody>\n<\/table>\n","protected":false},"excerpt":{"rendered":"<div class=\"post-content woocommerce-product-details__short-description\">\n<p>Tarneaeg: 1-3 p\u00e4eva<\/p>\n<p>Nedo puitstatiiv sobib k\u00f5igile kergematele tahh\u00fcmeetritele, nivelliiridele ja laseritele.<\/p>\n<\/div>\n","protected":false},"featured_media":820,"template":"","meta":[],"product_brand":[],"product_cat":[48],"product_tag":[],"class_list":{"0":"post-819","1":"product","2":"type-product","3":"status-publish","4":"has-post-thumbnail","6":"product_cat-statiivid","7":"product_shipping_class-kuller","9":"first","10":"instock","11":"taxable","12":"shipping-taxable","13":"purchasable","14":"product-type-variable"},"jetpack_sharing_enabled":true,"_links":{"self":[{"href":"https:\/\/geostation.ee\/en\/wp-json\/wp\/v2\/product\/819","targetHints":{"allow":["GET"]}}],"collection":[{"href":"https:\/\/geostation.ee\/en\/wp-json\/wp\/v2\/product"}],"about":[{"href":"https:\/\/geostation.ee\/en\/wp-json\/wp\/v2\/types\/product"}],"wp:featuredmedia":[{"embeddable":true,"href":"https:\/\/geostation.ee\/en\/wp-json\/wp\/v2\/media\/820"}],"wp:attachment":[{"href":"https:\/\/geostation.ee\/en\/wp-json\/wp\/v2\/media?parent=819"}],"wp:term":[{"taxonomy":"product_brand","embeddable":true,"href":"https:\/\/geostation.ee\/en\/wp-json\/wp\/v2\/product_brand?post=819"},{"taxonomy":"product_cat","embeddable":true,"href":"https:\/\/geostation.ee\/en\/wp-json\/wp\/v2\/product_cat?post=819"},{"taxonomy":"product_tag","embeddable":true,"href":"https:\/\/geostation.ee\/en\/wp-json\/wp\/v2\/product_tag?post=819"}],"curies":[{"name":"wp","href":"https:\/\/api.w.org\/{rel}","templated":true}]}}