{"id":810,"date":"2023-04-06T18:31:17","date_gmt":"2023-04-06T18:31:17","guid":{"rendered":"https:\/\/geostation.ee\/?post_type=product&#038;p=810"},"modified":"2025-03-27T13:02:41","modified_gmt":"2025-03-27T13:02:41","slug":"gnss-sau-2m","status":"publish","type":"product","link":"https:\/\/geostation.ee\/en\/toode\/gnss-sau-2m\/","title":{"rendered":"2m GNSS-sauad"},"content":{"rendered":"<table style=\"height: 198px\" width=\"945\">\n<tbody>\n<tr>\n<td width=\"155\"><\/td>\n<td width=\"74\">GS fiiber fix<\/td>\n<td width=\"78\">GS alum. fix<\/td>\n<td width=\"82\">GS teleskoop<\/td>\n<td width=\"86\">Seco fiiber teleskoop<\/td>\n<td width=\"97\">Seco teleskoop<\/td>\n<\/tr>\n<tr>\n<td>Fikseeritud k\u00f5rgus<\/td>\n<td>2m<\/td>\n<td>2m<\/td>\n<td>1.8m \/ 2.0m<\/td>\n<td>2m<\/td>\n<td>2m<\/td>\n<\/tr>\n<tr>\n<td>Pikkus kokkupandult<\/td>\n<td>1m<\/td>\n<td>1m<\/td>\n<td>1.37m<\/td>\n<td>1.36m<\/td>\n<td>1,36m<\/td>\n<\/tr>\n<tr>\n<td>Saua l\u00e4bim\u00f5\u00f5t<\/td>\n<td>32mm<\/td>\n<td>32mm<\/td>\n<td>32mm<\/td>\n<td>32mm<\/td>\n<td>32mm<\/td>\n<\/tr>\n<tr>\n<td>Kaal<\/td>\n<td>0.83kg<\/td>\n<td>1.06kg<\/td>\n<td>0.62kg<\/td>\n<td>1.05kg<\/td>\n<td>1.05kg<\/td>\n<\/tr>\n<\/tbody>\n<\/table>\n","protected":false},"excerpt":{"rendered":"<div class=\"post-content woocommerce-product-details__short-description\">\n<p>Tarneaeg: 1-3 p\u00e4eva<\/p>\n<p>GNSS sauade eelis on nende kergus ja kindlale k\u00f5rgusele (2m) fikseeritus.<\/p>\n<\/div>\n","protected":false},"featured_media":1199,"template":"","meta":[],"product_brand":[],"product_cat":[57],"product_tag":[],"class_list":{"0":"post-810","1":"product","2":"type-product","3":"status-publish","4":"has-post-thumbnail","6":"product_cat-mootesauad","8":"first","9":"instock","10":"taxable","11":"shipping-taxable","12":"purchasable","13":"product-type-variable"},"jetpack_sharing_enabled":true,"_links":{"self":[{"href":"https:\/\/geostation.ee\/en\/wp-json\/wp\/v2\/product\/810","targetHints":{"allow":["GET"]}}],"collection":[{"href":"https:\/\/geostation.ee\/en\/wp-json\/wp\/v2\/product"}],"about":[{"href":"https:\/\/geostation.ee\/en\/wp-json\/wp\/v2\/types\/product"}],"wp:featuredmedia":[{"embeddable":true,"href":"https:\/\/geostation.ee\/en\/wp-json\/wp\/v2\/media\/1199"}],"wp:attachment":[{"href":"https:\/\/geostation.ee\/en\/wp-json\/wp\/v2\/media?parent=810"}],"wp:term":[{"taxonomy":"product_brand","embeddable":true,"href":"https:\/\/geostation.ee\/en\/wp-json\/wp\/v2\/product_brand?post=810"},{"taxonomy":"product_cat","embeddable":true,"href":"https:\/\/geostation.ee\/en\/wp-json\/wp\/v2\/product_cat?post=810"},{"taxonomy":"product_tag","embeddable":true,"href":"https:\/\/geostation.ee\/en\/wp-json\/wp\/v2\/product_tag?post=810"}],"curies":[{"name":"wp","href":"https:\/\/api.w.org\/{rel}","templated":true}]}}