{"id":795,"date":"2023-04-05T18:27:18","date_gmt":"2023-04-05T18:27:18","guid":{"rendered":"https:\/\/geostation.ee\/?post_type=product&#038;p=795"},"modified":"2024-04-26T08:32:04","modified_gmt":"2024-04-26T08:32:04","slug":"maamoodu-tarkvara","status":"publish","type":"product","link":"https:\/\/geostation.ee\/en\/toode\/maamoodu-tarkvara\/","title":{"rendered":"Maam\u00f5\u00f5du tarkvara"},"content":{"rendered":"<p>Tarkvara t\u00e4ielik tutvustus <a href=\"http:\/\/trl.trimble.com\/docushare\/dsweb\/Get\/Document-984280\/SG-Origin-Br-v9.pdf\">Spectra kodulehel<\/a><\/p>\n","protected":false},"excerpt":{"rendered":"<p>Enne ostmist veendu, et Su v\u00e4liarvuti toetab Orgin tarkvara. Kahtluse korral kirjuta meile: info@geostation.ee<\/p>\n","protected":false},"featured_media":796,"template":"","meta":[],"product_brand":[],"product_cat":[63],"product_tag":[],"class_list":{"0":"post-795","1":"product","2":"type-product","3":"status-publish","4":"has-post-thumbnail","6":"product_cat-valiarvutid","8":"first","9":"instock","10":"taxable","11":"shipping-taxable","12":"purchasable","13":"product-type-variable"},"jetpack_sharing_enabled":true,"_links":{"self":[{"href":"https:\/\/geostation.ee\/en\/wp-json\/wp\/v2\/product\/795","targetHints":{"allow":["GET"]}}],"collection":[{"href":"https:\/\/geostation.ee\/en\/wp-json\/wp\/v2\/product"}],"about":[{"href":"https:\/\/geostation.ee\/en\/wp-json\/wp\/v2\/types\/product"}],"wp:featuredmedia":[{"embeddable":true,"href":"https:\/\/geostation.ee\/en\/wp-json\/wp\/v2\/media\/796"}],"wp:attachment":[{"href":"https:\/\/geostation.ee\/en\/wp-json\/wp\/v2\/media?parent=795"}],"wp:term":[{"taxonomy":"product_brand","embeddable":true,"href":"https:\/\/geostation.ee\/en\/wp-json\/wp\/v2\/product_brand?post=795"},{"taxonomy":"product_cat","embeddable":true,"href":"https:\/\/geostation.ee\/en\/wp-json\/wp\/v2\/product_cat?post=795"},{"taxonomy":"product_tag","embeddable":true,"href":"https:\/\/geostation.ee\/en\/wp-json\/wp\/v2\/product_tag?post=795"}],"curies":[{"name":"wp","href":"https:\/\/api.w.org\/{rel}","templated":true}]}}