{"id":787,"date":"2023-04-05T16:26:37","date_gmt":"2023-04-05T16:26:37","guid":{"rendered":"https:\/\/geostation.ee\/?post_type=product&#038;p=787"},"modified":"2024-05-10T17:49:22","modified_gmt":"2024-05-10T17:49:22","slug":"mobilemapper-60","status":"publish","type":"product","link":"https:\/\/geostation.ee\/en\/toode\/mobilemapper-60\/","title":{"rendered":"MobileMapper 6"},"content":{"rendered":"<p>Seadme t\u00e4ielik <a href=\"https:\/\/trl.trimble.com\/docushare\/dsweb\/Get\/Document-1065318\/022487-200_SpectraGeospatial_MM6_Datasheet_A4_0124_LRsec.pdf\">spetsifikatsioon<\/a><\/p>\n","protected":false},"excerpt":{"rendered":"<p>Tarneaeg: 2 n\u00e4dalat<\/p>\n<p>&nbsp;<\/p>\n<p>MM6 on \u00fclikerge v\u00e4liarvuti, mida v\u00f5id ka telefonina kasutada. Ideaalne lahendus, kui vajad v\u00e4liarvutit ainult GNSS-m\u00f5\u00f5tmiseks.<\/p>\n<p>GNSS-tarkvara Origin saad <a href=\"https:\/\/geostation.ee\/toode\/maamoodu-tarkvara\/\">osta siin<\/a>.<\/p>\n<p>V\u00e4liarvuti lisavarustust saad osta siin.<\/p>\n","protected":false},"featured_media":1347,"template":"","meta":[],"product_brand":[],"product_cat":[63],"product_tag":[77],"class_list":{"0":"post-787","1":"product","2":"type-product","3":"status-publish","4":"has-post-thumbnail","6":"product_cat-valiarvutid","7":"product_tag-mm60","9":"first","10":"onbackorder","11":"taxable","12":"shipping-taxable","13":"purchasable","14":"product-type-simple"},"jetpack_sharing_enabled":true,"_links":{"self":[{"href":"https:\/\/geostation.ee\/en\/wp-json\/wp\/v2\/product\/787","targetHints":{"allow":["GET"]}}],"collection":[{"href":"https:\/\/geostation.ee\/en\/wp-json\/wp\/v2\/product"}],"about":[{"href":"https:\/\/geostation.ee\/en\/wp-json\/wp\/v2\/types\/product"}],"wp:featuredmedia":[{"embeddable":true,"href":"https:\/\/geostation.ee\/en\/wp-json\/wp\/v2\/media\/1347"}],"wp:attachment":[{"href":"https:\/\/geostation.ee\/en\/wp-json\/wp\/v2\/media?parent=787"}],"wp:term":[{"taxonomy":"product_brand","embeddable":true,"href":"https:\/\/geostation.ee\/en\/wp-json\/wp\/v2\/product_brand?post=787"},{"taxonomy":"product_cat","embeddable":true,"href":"https:\/\/geostation.ee\/en\/wp-json\/wp\/v2\/product_cat?post=787"},{"taxonomy":"product_tag","embeddable":true,"href":"https:\/\/geostation.ee\/en\/wp-json\/wp\/v2\/product_tag?post=787"}],"curies":[{"name":"wp","href":"https:\/\/api.w.org\/{rel}","templated":true}]}}