{"id":784,"date":"2023-04-05T16:06:03","date_gmt":"2023-04-05T16:06:03","guid":{"rendered":"https:\/\/geostation.ee\/?post_type=product&#038;p=784"},"modified":"2026-04-08T09:26:35","modified_gmt":"2026-04-08T09:26:35","slug":"st-100-tahvel","status":"publish","type":"product","link":"https:\/\/geostation.ee\/en\/toode\/st-100-tahvel\/","title":{"rendered":"ST 100 tahvel"},"content":{"rendered":"<p>Seadme t\u00e4ielik <a href=\"http:\/\/trl.trimble.com\/docushare\/dsweb\/Get\/Document-963919\/SG-ST100-Datasheet-v14.pdf\">spetsifikatsioon<\/a><\/p>\n","protected":false},"excerpt":{"rendered":"<p>ST 100 on Windowsil p\u00f5hinev 10&#8243; tahvel-v\u00e4liarvuti. Kui Sa t\u00f6\u00f6tad palju aluskaartidega v\u00f5ib see olla Sulle parim valik!<\/p>\n","protected":false},"featured_media":785,"template":"","meta":[],"product_brand":[],"product_cat":[63],"product_tag":[],"class_list":{"0":"post-784","1":"product","2":"type-product","3":"status-publish","4":"has-post-thumbnail","6":"product_cat-valiarvutid","8":"first","9":"outofstock","10":"taxable","11":"shipping-taxable","12":"product-type-simple"},"jetpack_sharing_enabled":true,"_links":{"self":[{"href":"https:\/\/geostation.ee\/en\/wp-json\/wp\/v2\/product\/784","targetHints":{"allow":["GET"]}}],"collection":[{"href":"https:\/\/geostation.ee\/en\/wp-json\/wp\/v2\/product"}],"about":[{"href":"https:\/\/geostation.ee\/en\/wp-json\/wp\/v2\/types\/product"}],"wp:featuredmedia":[{"embeddable":true,"href":"https:\/\/geostation.ee\/en\/wp-json\/wp\/v2\/media\/785"}],"wp:attachment":[{"href":"https:\/\/geostation.ee\/en\/wp-json\/wp\/v2\/media?parent=784"}],"wp:term":[{"taxonomy":"product_brand","embeddable":true,"href":"https:\/\/geostation.ee\/en\/wp-json\/wp\/v2\/product_brand?post=784"},{"taxonomy":"product_cat","embeddable":true,"href":"https:\/\/geostation.ee\/en\/wp-json\/wp\/v2\/product_cat?post=784"},{"taxonomy":"product_tag","embeddable":true,"href":"https:\/\/geostation.ee\/en\/wp-json\/wp\/v2\/product_tag?post=784"}],"curies":[{"name":"wp","href":"https:\/\/api.w.org\/{rel}","templated":true}]}}