{"id":781,"date":"2023-04-05T15:47:15","date_gmt":"2023-04-05T15:47:15","guid":{"rendered":"https:\/\/geostation.ee\/?post_type=product&#038;p=781"},"modified":"2023-04-05T19:00:27","modified_gmt":"2023-04-05T19:00:27","slug":"ranger-7","status":"publish","type":"product","link":"https:\/\/geostation.ee\/en\/toode\/ranger-7\/","title":{"rendered":"Ranger 7"},"content":{"rendered":"<p>Seadme t\u00e4ielik <a href=\"http:\/\/trl.trimble.com\/docushare\/dsweb\/Get\/Document-1038999\/022487-194_Spectra%20Ranger7_DS_A4_1022_LR%20(1).pdf\">spetsifikatsioon<\/a><\/p>\n","protected":false},"excerpt":{"rendered":"<p>Ranger 7 p\u00f5hineb Windows 10 operatsioonis\u00fcsteemil. Ranger 7 sobib Sulle, kui Sulle meeldivad suur ekraan ja t\u00e4isklaviatuur.<\/p>\n","protected":false},"featured_media":782,"template":"","meta":[],"product_brand":[],"product_cat":[63],"product_tag":[78],"class_list":{"0":"post-781","1":"product","2":"type-product","3":"status-publish","4":"has-post-thumbnail","6":"product_cat-valiarvutid","7":"product_tag-ranger7","9":"first","10":"instock","11":"taxable","12":"shipping-taxable","13":"product-type-simple"},"jetpack_sharing_enabled":true,"_links":{"self":[{"href":"https:\/\/geostation.ee\/en\/wp-json\/wp\/v2\/product\/781","targetHints":{"allow":["GET"]}}],"collection":[{"href":"https:\/\/geostation.ee\/en\/wp-json\/wp\/v2\/product"}],"about":[{"href":"https:\/\/geostation.ee\/en\/wp-json\/wp\/v2\/types\/product"}],"wp:featuredmedia":[{"embeddable":true,"href":"https:\/\/geostation.ee\/en\/wp-json\/wp\/v2\/media\/782"}],"wp:attachment":[{"href":"https:\/\/geostation.ee\/en\/wp-json\/wp\/v2\/media?parent=781"}],"wp:term":[{"taxonomy":"product_brand","embeddable":true,"href":"https:\/\/geostation.ee\/en\/wp-json\/wp\/v2\/product_brand?post=781"},{"taxonomy":"product_cat","embeddable":true,"href":"https:\/\/geostation.ee\/en\/wp-json\/wp\/v2\/product_cat?post=781"},{"taxonomy":"product_tag","embeddable":true,"href":"https:\/\/geostation.ee\/en\/wp-json\/wp\/v2\/product_tag?post=781"}],"curies":[{"name":"wp","href":"https:\/\/api.w.org\/{rel}","templated":true}]}}