{"id":776,"date":"2023-04-05T15:32:59","date_gmt":"2023-04-05T15:32:59","guid":{"rendered":"https:\/\/geostation.ee\/?post_type=product&#038;p=776"},"modified":"2023-04-05T19:02:05","modified_gmt":"2023-04-05T19:02:05","slug":"ranger-5","status":"publish","type":"product","link":"https:\/\/geostation.ee\/en\/toode\/ranger-5\/","title":{"rendered":"Ranger 5"},"content":{"rendered":"<p>Seadme t\u00e4ielik <a href=\"http:\/\/trl.trimble.com\/docushare\/dsweb\/Get\/Document-975312\/Ranger5-Datasheet-EN-v4.pdf\">spetsifikatsioon<\/a><\/p>\n","protected":false},"excerpt":{"rendered":"<p>Ranger 5 on Androidil p\u00f5hinev v\u00e4liarvuti. Ergonoomilisus, kergus ning vee- ja tolmukindlus muudavad Ranger 5-ga m\u00f5\u00f5tmise muretuks ja kiireks.<\/p>\n","protected":false},"featured_media":777,"template":"","meta":[],"product_brand":[],"product_cat":[63],"product_tag":[79],"class_list":{"0":"post-776","1":"product","2":"type-product","3":"status-publish","4":"has-post-thumbnail","6":"product_cat-valiarvutid","7":"product_tag-ranger5","8":"product_shipping_class-pakiautomaat","10":"first","11":"instock","12":"taxable","13":"shipping-taxable","14":"purchasable","15":"product-type-simple"},"jetpack_sharing_enabled":true,"_links":{"self":[{"href":"https:\/\/geostation.ee\/en\/wp-json\/wp\/v2\/product\/776","targetHints":{"allow":["GET"]}}],"collection":[{"href":"https:\/\/geostation.ee\/en\/wp-json\/wp\/v2\/product"}],"about":[{"href":"https:\/\/geostation.ee\/en\/wp-json\/wp\/v2\/types\/product"}],"wp:featuredmedia":[{"embeddable":true,"href":"https:\/\/geostation.ee\/en\/wp-json\/wp\/v2\/media\/777"}],"wp:attachment":[{"href":"https:\/\/geostation.ee\/en\/wp-json\/wp\/v2\/media?parent=776"}],"wp:term":[{"taxonomy":"product_brand","embeddable":true,"href":"https:\/\/geostation.ee\/en\/wp-json\/wp\/v2\/product_brand?post=776"},{"taxonomy":"product_cat","embeddable":true,"href":"https:\/\/geostation.ee\/en\/wp-json\/wp\/v2\/product_cat?post=776"},{"taxonomy":"product_tag","embeddable":true,"href":"https:\/\/geostation.ee\/en\/wp-json\/wp\/v2\/product_tag?post=776"}],"curies":[{"name":"wp","href":"https:\/\/api.w.org\/{rel}","templated":true}]}}