{"id":770,"date":"2023-04-05T10:54:46","date_gmt":"2023-04-05T10:54:46","guid":{"rendered":"https:\/\/geostation.ee\/?post_type=product&#038;p=770"},"modified":"2026-04-10T06:00:26","modified_gmt":"2026-04-10T06:00:26","slug":"piirinaelad","status":"publish","type":"product","link":"https:\/\/geostation.ee\/en\/toode\/piirinaelad\/","title":{"rendered":"Piirinaelad"},"content":{"rendered":"","protected":false},"excerpt":{"rendered":"<p>Piirinaelad on m\u00f5eldud l\u00f6\u00f6miseks asfaldisse.<\/p>\n","protected":false},"featured_media":771,"template":"","meta":[],"product_brand":[],"product_cat":[82,58],"product_tag":[75],"class_list":{"0":"post-770","1":"product","2":"type-product","3":"status-publish","4":"has-post-thumbnail","6":"product_cat-asfaldinaelad","7":"product_cat-piirimargid","8":"product_tag-piirimark","9":"product_shipping_class-pakiautomaat","11":"first","12":"instock","13":"taxable","14":"shipping-taxable","15":"purchasable","16":"product-type-variable"},"jetpack_sharing_enabled":true,"_links":{"self":[{"href":"https:\/\/geostation.ee\/en\/wp-json\/wp\/v2\/product\/770","targetHints":{"allow":["GET"]}}],"collection":[{"href":"https:\/\/geostation.ee\/en\/wp-json\/wp\/v2\/product"}],"about":[{"href":"https:\/\/geostation.ee\/en\/wp-json\/wp\/v2\/types\/product"}],"wp:featuredmedia":[{"embeddable":true,"href":"https:\/\/geostation.ee\/en\/wp-json\/wp\/v2\/media\/771"}],"wp:attachment":[{"href":"https:\/\/geostation.ee\/en\/wp-json\/wp\/v2\/media?parent=770"}],"wp:term":[{"taxonomy":"product_brand","embeddable":true,"href":"https:\/\/geostation.ee\/en\/wp-json\/wp\/v2\/product_brand?post=770"},{"taxonomy":"product_cat","embeddable":true,"href":"https:\/\/geostation.ee\/en\/wp-json\/wp\/v2\/product_cat?post=770"},{"taxonomy":"product_tag","embeddable":true,"href":"https:\/\/geostation.ee\/en\/wp-json\/wp\/v2\/product_tag?post=770"}],"curies":[{"name":"wp","href":"https:\/\/api.w.org\/{rel}","templated":true}]}}