{"id":762,"date":"2023-04-05T10:02:49","date_gmt":"2023-04-05T10:02:49","guid":{"rendered":"https:\/\/geostation.ee\/?post_type=product&#038;p=762"},"modified":"2025-03-27T13:03:28","modified_gmt":"2025-03-27T13:03:28","slug":"gs-survey-fiibersau","status":"publish","type":"product","link":"https:\/\/geostation.ee\/en\/toode\/gs-survey-fiibersau\/","title":{"rendered":"GS SURVEY fiibersauad"},"content":{"rendered":"<table style=\"height: 229px\" width=\"606\">\n<tbody>\n<tr>\n<td width=\"155\"><\/td>\n<td width=\"64\">2,2 m<\/td>\n<td width=\"64\">2,6 m<\/td>\n<td width=\"64\">3,6 m<\/td>\n<td width=\"64\">4,65 m<\/td>\n<\/tr>\n<tr>\n<td>Pikkus kokkupandult<\/td>\n<td>1,18 m<\/td>\n<td>1,37 m<\/td>\n<td>1,43 m<\/td>\n<td>1,50 m<\/td>\n<\/tr>\n<tr>\n<td>Min prisma k\u00f5rgus<\/td>\n<td>1,33 m<\/td>\n<td>1,52 m<\/td>\n<td>1, 58 m<\/td>\n<td>1,65 m<\/td>\n<\/tr>\n<tr>\n<td>Teleskoope<\/td>\n<td>1<\/td>\n<td>1<\/td>\n<td>2<\/td>\n<td>3<\/td>\n<\/tr>\n<tr>\n<td>Alumise osa l\u00e4bim\u00f5\u00f5t<\/td>\n<td>32 mm<\/td>\n<td>32 mm<\/td>\n<td>32 mm<\/td>\n<td>38 mm<\/td>\n<\/tr>\n<tr>\n<td>Kaal<\/td>\n<td>0,8 kg<\/td>\n<td>0,82 kg<\/td>\n<td>1,1 kg<\/td>\n<td>1,86 kg<\/td>\n<\/tr>\n<\/tbody>\n<\/table>\n","protected":false},"excerpt":{"rendered":"<p>Tarneaeg: 1-3 p\u00e4eva<\/p>\n<p>GS SURVEY fiibersauad on hea kvaliteediga, t\u00f6\u00f6kindlad ja kerged.<\/p>\n<p>Vali ka juurde <a href=\"https:\/\/geostation.ee\/toode\/sauaadaptrid\/\">sauaadapter<\/a> s\u00f5ltuvalt prismat\u00fc\u00fcbist v\u00f5i seadmest.<\/p>\n","protected":false},"featured_media":763,"template":"","meta":[],"product_brand":[],"product_cat":[57],"product_tag":[76],"class_list":{"0":"post-762","1":"product","2":"type-product","3":"status-publish","4":"has-post-thumbnail","6":"product_cat-mootesauad","7":"product_tag-sau","8":"product_shipping_class-kuller","10":"first","11":"instock","12":"taxable","13":"shipping-taxable","14":"purchasable","15":"product-type-variable"},"jetpack_sharing_enabled":true,"_links":{"self":[{"href":"https:\/\/geostation.ee\/en\/wp-json\/wp\/v2\/product\/762","targetHints":{"allow":["GET"]}}],"collection":[{"href":"https:\/\/geostation.ee\/en\/wp-json\/wp\/v2\/product"}],"about":[{"href":"https:\/\/geostation.ee\/en\/wp-json\/wp\/v2\/types\/product"}],"wp:featuredmedia":[{"embeddable":true,"href":"https:\/\/geostation.ee\/en\/wp-json\/wp\/v2\/media\/763"}],"wp:attachment":[{"href":"https:\/\/geostation.ee\/en\/wp-json\/wp\/v2\/media?parent=762"}],"wp:term":[{"taxonomy":"product_brand","embeddable":true,"href":"https:\/\/geostation.ee\/en\/wp-json\/wp\/v2\/product_brand?post=762"},{"taxonomy":"product_cat","embeddable":true,"href":"https:\/\/geostation.ee\/en\/wp-json\/wp\/v2\/product_cat?post=762"},{"taxonomy":"product_tag","embeddable":true,"href":"https:\/\/geostation.ee\/en\/wp-json\/wp\/v2\/product_tag?post=762"}],"curies":[{"name":"wp","href":"https:\/\/api.w.org\/{rel}","templated":true}]}}