{"id":746,"date":"2023-04-04T17:08:54","date_gmt":"2023-04-04T17:08:54","guid":{"rendered":"https:\/\/geostation.ee\/?post_type=product&#038;p=746"},"modified":"2023-04-04T17:12:25","modified_gmt":"2023-04-04T17:12:25","slug":"nikon-xf","status":"publish","type":"product","link":"https:\/\/geostation.ee\/en\/toode\/nikon-xf\/","title":{"rendered":"Nikon XF"},"content":{"rendered":"<p>Seadma t\u00e4ielik <a href=\"https:\/\/trl.trimble.com\/docushare\/dsweb\/Get\/Document-862181\/Nikon_XF-HP-Datasheet-v9.pdf\">spetsifikatsioon<\/a><\/p>\n","protected":false},"excerpt":{"rendered":"<p>Kui Sa soovid m\u00f5\u00f5ta legendaarse Nikoni optikaga, siis on just see elektrontah\u00fcmeeter Sinu jaoks. Nikoni XF tahh\u00fcmeetrid on v\u00e4ga kiired, v\u00e4ga t\u00e4psed, v\u00e4ga kerged, neil on autofookus, 2 ekraani ja 2 akut. Valikus on 1&#8243;, 2&#8243;, 3&#8243; ja 5&#8243;.<\/p>\n","protected":false},"featured_media":747,"template":"","meta":[],"product_brand":[],"product_cat":[52],"product_tag":[72],"class_list":{"0":"post-746","1":"product","2":"type-product","3":"status-publish","4":"has-post-thumbnail","6":"product_cat-elektrontahhumeetrid","7":"product_tag-ts","9":"first","10":"instock","11":"taxable","12":"shipping-taxable","13":"product-type-simple"},"jetpack_sharing_enabled":true,"_links":{"self":[{"href":"https:\/\/geostation.ee\/en\/wp-json\/wp\/v2\/product\/746","targetHints":{"allow":["GET"]}}],"collection":[{"href":"https:\/\/geostation.ee\/en\/wp-json\/wp\/v2\/product"}],"about":[{"href":"https:\/\/geostation.ee\/en\/wp-json\/wp\/v2\/types\/product"}],"wp:featuredmedia":[{"embeddable":true,"href":"https:\/\/geostation.ee\/en\/wp-json\/wp\/v2\/media\/747"}],"wp:attachment":[{"href":"https:\/\/geostation.ee\/en\/wp-json\/wp\/v2\/media?parent=746"}],"wp:term":[{"taxonomy":"product_brand","embeddable":true,"href":"https:\/\/geostation.ee\/en\/wp-json\/wp\/v2\/product_brand?post=746"},{"taxonomy":"product_cat","embeddable":true,"href":"https:\/\/geostation.ee\/en\/wp-json\/wp\/v2\/product_cat?post=746"},{"taxonomy":"product_tag","embeddable":true,"href":"https:\/\/geostation.ee\/en\/wp-json\/wp\/v2\/product_tag?post=746"}],"curies":[{"name":"wp","href":"https:\/\/api.w.org\/{rel}","templated":true}]}}