{"id":743,"date":"2023-04-04T16:42:01","date_gmt":"2023-04-04T16:42:01","guid":{"rendered":"https:\/\/geostation.ee\/?post_type=product&#038;p=743"},"modified":"2023-04-05T16:09:39","modified_gmt":"2023-04-05T16:09:39","slug":"robot-focus-50","status":"publish","type":"product","link":"https:\/\/geostation.ee\/en\/toode\/robot-focus-50\/","title":{"rendered":"Focus 50 Robot"},"content":{"rendered":"<p>Seadme t\u00e4ielik <a href=\"http:\/\/trl.trimble.com\/docushare\/dsweb\/Get\/Document-999026\/SG-FOCUS50-TechSpecs-v2.pdf\">spetsifikatsioon<\/a><\/p>\n","protected":false},"excerpt":{"rendered":"<p>Focus 50 on t\u00e4nap\u00e4eva ootustele vastav robot-tahh\u00fcmeeter, mille m\u00e4rks\u00f5nadeks on kiire ja t\u00e4pne m\u00f5\u00f5tmine t\u00e4nu vaiksele MagDrive tehnoloogiale. Tahh\u00fcmeeter on saadaval 1&#8243;, 2&#8243;, 3&#8243; ja 5&#8243; t\u00e4psusklassiga ning valikus on kas l\u00fchimaa mudel <em>bluetooth<\/em> andmevahetuse v\u00f5i pikamaa mudel raadio teel andmevahetusega.<\/p>\n<p>V\u00e4liarvutiks sobivad <a href=\"https:\/\/geostation.ee\/toode\/ranger-5\/\">Ranger 5<\/a>, <a href=\"https:\/\/geostation.ee\/toode\/ranger-7\/\">Ranger 7<\/a> ja <a href=\"https:\/\/geostation.ee\/toode\/st-100-tahvel\/\">ST100 tahvel<\/a>.<\/p>\n","protected":false},"featured_media":744,"template":"","meta":[],"product_brand":[],"product_cat":[52],"product_tag":[72],"class_list":{"0":"post-743","1":"product","2":"type-product","3":"status-publish","4":"has-post-thumbnail","6":"product_cat-elektrontahhumeetrid","7":"product_tag-ts","9":"first","10":"instock","11":"taxable","12":"shipping-taxable","13":"product-type-simple"},"jetpack_sharing_enabled":true,"_links":{"self":[{"href":"https:\/\/geostation.ee\/en\/wp-json\/wp\/v2\/product\/743","targetHints":{"allow":["GET"]}}],"collection":[{"href":"https:\/\/geostation.ee\/en\/wp-json\/wp\/v2\/product"}],"about":[{"href":"https:\/\/geostation.ee\/en\/wp-json\/wp\/v2\/types\/product"}],"wp:featuredmedia":[{"embeddable":true,"href":"https:\/\/geostation.ee\/en\/wp-json\/wp\/v2\/media\/744"}],"wp:attachment":[{"href":"https:\/\/geostation.ee\/en\/wp-json\/wp\/v2\/media?parent=743"}],"wp:term":[{"taxonomy":"product_brand","embeddable":true,"href":"https:\/\/geostation.ee\/en\/wp-json\/wp\/v2\/product_brand?post=743"},{"taxonomy":"product_cat","embeddable":true,"href":"https:\/\/geostation.ee\/en\/wp-json\/wp\/v2\/product_cat?post=743"},{"taxonomy":"product_tag","embeddable":true,"href":"https:\/\/geostation.ee\/en\/wp-json\/wp\/v2\/product_tag?post=743"}],"curies":[{"name":"wp","href":"https:\/\/api.w.org\/{rel}","templated":true}]}}