{"id":726,"date":"2023-04-04T15:12:46","date_gmt":"2023-04-04T15:12:46","guid":{"rendered":"https:\/\/geostation.ee\/?post_type=product&#038;p=726"},"modified":"2025-11-01T09:42:11","modified_gmt":"2025-11-01T09:42:11","slug":"spectra-sp60","status":"publish","type":"product","link":"https:\/\/geostation.ee\/en\/toode\/spectra-sp60\/","title":{"rendered":"GNSS-seade SP60"},"content":{"rendered":"<p>Seadme t\u00e4ielik <a href=\"http:\/\/trl.trimble.com\/docushare\/dsweb\/Get\/Document-863843\/SG-SP60-Br-v5-web.pdf\">spetsifikatsioon<\/a><\/p>\n","protected":false},"excerpt":{"rendered":"<p>Spectra SP60 on lihtne, aga v\u00f5imekas GNSS-seade, mis ei tee t\u00e4psuse osas \u00fchtegi j\u00e4releandmist.<\/p>\n<p>Kui Sul tekkis huvi, siis borneeri endale m\u00f5\u00f5tmiseks tasuta proovip\u00e4ev: info@geostation.ee v\u00f5i helista 5533551.<\/p>\n","protected":false},"featured_media":738,"template":"","meta":[],"product_brand":[],"product_cat":[53],"product_tag":[71],"class_list":{"0":"post-726","1":"product","2":"type-product","3":"status-publish","4":"has-post-thumbnail","6":"product_cat-gnss-seadmed","7":"product_tag-gnss","9":"first","10":"outofstock","11":"taxable","12":"shipping-taxable","13":"product-type-simple"},"jetpack_sharing_enabled":true,"_links":{"self":[{"href":"https:\/\/geostation.ee\/en\/wp-json\/wp\/v2\/product\/726","targetHints":{"allow":["GET"]}}],"collection":[{"href":"https:\/\/geostation.ee\/en\/wp-json\/wp\/v2\/product"}],"about":[{"href":"https:\/\/geostation.ee\/en\/wp-json\/wp\/v2\/types\/product"}],"wp:featuredmedia":[{"embeddable":true,"href":"https:\/\/geostation.ee\/en\/wp-json\/wp\/v2\/media\/738"}],"wp:attachment":[{"href":"https:\/\/geostation.ee\/en\/wp-json\/wp\/v2\/media?parent=726"}],"wp:term":[{"taxonomy":"product_brand","embeddable":true,"href":"https:\/\/geostation.ee\/en\/wp-json\/wp\/v2\/product_brand?post=726"},{"taxonomy":"product_cat","embeddable":true,"href":"https:\/\/geostation.ee\/en\/wp-json\/wp\/v2\/product_cat?post=726"},{"taxonomy":"product_tag","embeddable":true,"href":"https:\/\/geostation.ee\/en\/wp-json\/wp\/v2\/product_tag?post=726"}],"curies":[{"name":"wp","href":"https:\/\/api.w.org\/{rel}","templated":true}]}}