{"id":712,"date":"2023-04-04T14:33:13","date_gmt":"2023-04-04T14:33:13","guid":{"rendered":"https:\/\/geostation.ee\/?post_type=product&#038;p=712"},"modified":"2026-04-10T06:00:26","modified_gmt":"2026-04-10T06:00:26","slug":"soppec-markevarv-1-kast","status":"publish","type":"product","link":"https:\/\/geostation.ee\/en\/toode\/soppec-markevarv-1-kast\/","title":{"rendered":"Soppec m\u00e4rkev\u00e4rv (12 tk)"},"content":{"rendered":"","protected":false},"excerpt":{"rendered":"<p>Tarneaeg: 1-3 p\u00e4eva<\/p>\n<p>Ostes korraga \u00fche kasti (12 tk) on v\u00e4rvipurgi hinnaks 5.38\u20ac+km.<\/p>\n<p>Soppec m\u00e4rkev\u00e4rvid on v\u00e4ga kvaliteetsed ja h\u00f5lpslalt pihustatavad. V\u00e4rvid on kasutatavad kuni -15\u00b0C.<\/p>\n<p>H\u00e4sti silmatorkava v\u00e4rvi soovi korral vali Fluo TP ja v\u00e4hem silmatorkava v\u00e4rvi korral ProMarker.<\/p>\n<p>Soppec m\u00e4rkev\u00e4rvid on k\u00f5igi professionaalsete kasutajate lemmikud!<\/p>\n<p>&nbsp;<\/p>\n","protected":false},"featured_media":353,"template":"","meta":[],"product_brand":[],"product_cat":[55],"product_tag":[74],"class_list":{"0":"post-712","1":"product","2":"type-product","3":"status-publish","4":"has-post-thumbnail","6":"product_cat-markevarvid","7":"product_tag-markevarv","8":"product_shipping_class-pakiautomaat","10":"first","11":"instock","12":"taxable","13":"shipping-taxable","14":"purchasable","15":"product-type-variable"},"jetpack_sharing_enabled":true,"_links":{"self":[{"href":"https:\/\/geostation.ee\/en\/wp-json\/wp\/v2\/product\/712","targetHints":{"allow":["GET"]}}],"collection":[{"href":"https:\/\/geostation.ee\/en\/wp-json\/wp\/v2\/product"}],"about":[{"href":"https:\/\/geostation.ee\/en\/wp-json\/wp\/v2\/types\/product"}],"wp:featuredmedia":[{"embeddable":true,"href":"https:\/\/geostation.ee\/en\/wp-json\/wp\/v2\/media\/353"}],"wp:attachment":[{"href":"https:\/\/geostation.ee\/en\/wp-json\/wp\/v2\/media?parent=712"}],"wp:term":[{"taxonomy":"product_brand","embeddable":true,"href":"https:\/\/geostation.ee\/en\/wp-json\/wp\/v2\/product_brand?post=712"},{"taxonomy":"product_cat","embeddable":true,"href":"https:\/\/geostation.ee\/en\/wp-json\/wp\/v2\/product_cat?post=712"},{"taxonomy":"product_tag","embeddable":true,"href":"https:\/\/geostation.ee\/en\/wp-json\/wp\/v2\/product_tag?post=712"}],"curies":[{"name":"wp","href":"https:\/\/api.w.org\/{rel}","templated":true}]}}