{"id":697,"date":"2023-04-04T12:33:34","date_gmt":"2023-04-04T12:33:34","guid":{"rendered":"https:\/\/geostation.ee\/?post_type=product&#038;p=697"},"modified":"2026-01-02T11:08:45","modified_gmt":"2026-01-02T11:08:45","slug":"1-paevane-litsents-koos-gnss-seadmega","status":"publish","type":"product","link":"https:\/\/geostation.ee\/en\/toode\/1-paevane-litsents-koos-gnss-seadmega\/","title":{"rendered":"1-p\u00e4evane litsents koos GNSS-seadmega"},"content":{"rendered":"","protected":false},"excerpt":{"rendered":"<p>Trimble VRS-v\u00f5rgu abil saad m\u00f5\u00f5ta ilma baasjaamata k\u00f5ikjal Eestis. Rendiseade on SP85 koos Ranger7 v\u00e4liarvutiga.<\/p>\n<p>Enne tellimist helista palun 5533551 ja uuri, kas seade on Sulle sobival p\u00e4eval vaba. Sobivuse korral saad kuup\u00e4eva m\u00e4rkida m\u00e4rkuste lahtrisse (peale aadressi sisestamist). Seadme saab k\u00e4tte Tartus ja tgastamine toimub samuti Tartus.<\/p>\n<p>Baasjaamade asukohad on n\u00e4ha <a href=\"https:\/\/vrsnow.de\/Map\/SensorMap.aspx\">SIIN<\/a>.<\/p>\n<p>&nbsp;<\/p>\n","protected":false},"featured_media":349,"template":"","meta":[],"product_brand":[],"product_cat":[65],"product_tag":[71],"class_list":{"0":"post-697","1":"product","2":"type-product","3":"status-publish","4":"has-post-thumbnail","6":"product_cat-trimble-vrs-now","7":"product_tag-gnss","9":"first","10":"instock","11":"taxable","12":"shipping-taxable","13":"purchasable","14":"product-type-simple"},"jetpack_sharing_enabled":true,"_links":{"self":[{"href":"https:\/\/geostation.ee\/en\/wp-json\/wp\/v2\/product\/697","targetHints":{"allow":["GET"]}}],"collection":[{"href":"https:\/\/geostation.ee\/en\/wp-json\/wp\/v2\/product"}],"about":[{"href":"https:\/\/geostation.ee\/en\/wp-json\/wp\/v2\/types\/product"}],"wp:featuredmedia":[{"embeddable":true,"href":"https:\/\/geostation.ee\/en\/wp-json\/wp\/v2\/media\/349"}],"wp:attachment":[{"href":"https:\/\/geostation.ee\/en\/wp-json\/wp\/v2\/media?parent=697"}],"wp:term":[{"taxonomy":"product_brand","embeddable":true,"href":"https:\/\/geostation.ee\/en\/wp-json\/wp\/v2\/product_brand?post=697"},{"taxonomy":"product_cat","embeddable":true,"href":"https:\/\/geostation.ee\/en\/wp-json\/wp\/v2\/product_cat?post=697"},{"taxonomy":"product_tag","embeddable":true,"href":"https:\/\/geostation.ee\/en\/wp-json\/wp\/v2\/product_tag?post=697"}],"curies":[{"name":"wp","href":"https:\/\/api.w.org\/{rel}","templated":true}]}}