{"id":695,"date":"2023-04-04T12:14:38","date_gmt":"2023-04-04T12:14:38","guid":{"rendered":"https:\/\/geostation.ee\/?post_type=product&#038;p=695"},"modified":"2026-01-02T11:07:57","modified_gmt":"2026-01-02T11:07:57","slug":"100-tunni-trimble-vrs-vorgu-litsents","status":"publish","type":"product","link":"https:\/\/geostation.ee\/en\/toode\/100-tunni-trimble-vrs-vorgu-litsents\/","title":{"rendered":"100 tunni Trimble VRS-v\u00f5rgu litsents"},"content":{"rendered":"","protected":false},"excerpt":{"rendered":"<p>Trimble VRS-v\u00f5rgu abil saad m\u00f5\u00f5ta ilma baasjaamata k\u00f5ikjal Eestis. V\u00f5i soovi korral ka mujal Euroopas.<\/p>\n<p>Kui Sa soovid litsentsi algusaega hiljem, siis kirjuta palun t\u00e4pne kuup\u00e4ev m\u00e4rkuste lahtrisse (peale aadressi sisestamist).<\/p>\n<p>Baasjaamade asukohad on n\u00e4ha <a href=\"https:\/\/vrsnow.de\/Map\/SensorMap.aspx\">SIIN<\/a>.<\/p>\n<p>&nbsp;<\/p>\n","protected":false},"featured_media":349,"template":"","meta":[],"product_brand":[],"product_cat":[65],"product_tag":[71],"class_list":{"0":"post-695","1":"product","2":"type-product","3":"status-publish","4":"has-post-thumbnail","6":"product_cat-trimble-vrs-now","7":"product_tag-gnss","9":"first","10":"instock","11":"virtual","12":"taxable","13":"purchasable","14":"product-type-simple"},"jetpack_sharing_enabled":true,"_links":{"self":[{"href":"https:\/\/geostation.ee\/en\/wp-json\/wp\/v2\/product\/695","targetHints":{"allow":["GET"]}}],"collection":[{"href":"https:\/\/geostation.ee\/en\/wp-json\/wp\/v2\/product"}],"about":[{"href":"https:\/\/geostation.ee\/en\/wp-json\/wp\/v2\/types\/product"}],"wp:featuredmedia":[{"embeddable":true,"href":"https:\/\/geostation.ee\/en\/wp-json\/wp\/v2\/media\/349"}],"wp:attachment":[{"href":"https:\/\/geostation.ee\/en\/wp-json\/wp\/v2\/media?parent=695"}],"wp:term":[{"taxonomy":"product_brand","embeddable":true,"href":"https:\/\/geostation.ee\/en\/wp-json\/wp\/v2\/product_brand?post=695"},{"taxonomy":"product_cat","embeddable":true,"href":"https:\/\/geostation.ee\/en\/wp-json\/wp\/v2\/product_cat?post=695"},{"taxonomy":"product_tag","embeddable":true,"href":"https:\/\/geostation.ee\/en\/wp-json\/wp\/v2\/product_tag?post=695"}],"curies":[{"name":"wp","href":"https:\/\/api.w.org\/{rel}","templated":true}]}}