{"id":476,"date":"2023-03-09T13:36:30","date_gmt":"2023-03-09T13:36:30","guid":{"rendered":"https:\/\/geostation.ee\/?post_type=product&#038;p=476"},"modified":"2025-06-11T18:31:54","modified_gmt":"2025-06-11T18:31:54","slug":"leica-disto-d5","status":"publish","type":"product","link":"https:\/\/geostation.ee\/en\/toode\/leica-disto-d5\/","title":{"rendered":"Leica Disto D5"},"content":{"rendered":"<table style=\"height: 243px\" width=\"100%\">\n<tbody>\n<tr>\n<td>M\u00f5\u00f5tmist\u00e4psus<\/td>\n<td>\u00b1 1.0 mm<\/td>\n<\/tr>\n<tr>\n<td>M\u00f5\u00f5teulatus<\/td>\n<td>200 m<\/td>\n<\/tr>\n<tr>\n<td>Ekraan<\/td>\n<td>V\u00e4rviline 4x suurendusega<\/td>\n<\/tr>\n<tr>\n<td>Vee- ja tolmukindlus<\/td>\n<td>IP54<\/td>\n<\/tr>\n<tr>\n<td>Toide<\/td>\n<td>Laetav aku<\/td>\n<\/tr>\n<tr>\n<td>Aku kestvus<\/td>\n<td>~5000 m\u00f5\u00f5tmist<\/td>\n<\/tr>\n<tr>\n<td>M\u00f5\u00f5tmed<\/td>\n<td>144 x 60 x 24 mm<\/td>\n<\/tr>\n<tr>\n<td>Kaal<\/td>\n<td>180 g<\/td>\n<\/tr>\n<\/tbody>\n<\/table>\n<p>&nbsp;<\/p>\n","protected":false},"excerpt":{"rendered":"<p>Tarneaeg: 2 n\u00e4dalat.<\/p>\n<p>Disto D5-l on digitaalne sihik ja 360\u00b0 kaldeandur. Seade on vee- ja tolmukindel ja paljude lisafunktsioonidega.<\/p>\n","protected":false},"featured_media":1449,"template":"","meta":[],"product_brand":[],"product_cat":[85,100],"product_tag":[],"class_list":{"0":"post-476","1":"product","2":"type-product","3":"status-publish","4":"has-post-thumbnail","6":"product_cat-kaugusmooturid","7":"product_cat-kaugusmooturid-ehituslaserid","8":"product_shipping_class-pakiautomaat","10":"first","11":"onbackorder","12":"taxable","13":"shipping-taxable","14":"purchasable","15":"product-type-simple"},"jetpack_sharing_enabled":true,"_links":{"self":[{"href":"https:\/\/geostation.ee\/en\/wp-json\/wp\/v2\/product\/476","targetHints":{"allow":["GET"]}}],"collection":[{"href":"https:\/\/geostation.ee\/en\/wp-json\/wp\/v2\/product"}],"about":[{"href":"https:\/\/geostation.ee\/en\/wp-json\/wp\/v2\/types\/product"}],"wp:featuredmedia":[{"embeddable":true,"href":"https:\/\/geostation.ee\/en\/wp-json\/wp\/v2\/media\/1449"}],"wp:attachment":[{"href":"https:\/\/geostation.ee\/en\/wp-json\/wp\/v2\/media?parent=476"}],"wp:term":[{"taxonomy":"product_brand","embeddable":true,"href":"https:\/\/geostation.ee\/en\/wp-json\/wp\/v2\/product_brand?post=476"},{"taxonomy":"product_cat","embeddable":true,"href":"https:\/\/geostation.ee\/en\/wp-json\/wp\/v2\/product_cat?post=476"},{"taxonomy":"product_tag","embeddable":true,"href":"https:\/\/geostation.ee\/en\/wp-json\/wp\/v2\/product_tag?post=476"}],"curies":[{"name":"wp","href":"https:\/\/api.w.org\/{rel}","templated":true}]}}