{"id":475,"date":"2023-03-09T13:33:57","date_gmt":"2023-03-09T13:33:57","guid":{"rendered":"https:\/\/geostation.ee\/?post_type=product&#038;p=475"},"modified":"2024-11-05T10:26:42","modified_gmt":"2024-11-05T10:26:42","slug":"tri-max-statiiv","status":"publish","type":"product","link":"https:\/\/geostation.ee\/en\/toode\/tri-max-statiiv\/","title":{"rendered":"Tri-Max statiiv 7.7 kg"},"content":{"rendered":"<table style=\"height: 231px\" width=\"337\">\n<tbody>\n<tr>\n<td>Materjal<\/td>\n<td>fiiberklaas<\/td>\n<\/tr>\n<tr>\n<td>Kinnitus<\/td>\n<td>topeltlukustus<\/td>\n<\/tr>\n<tr>\n<td>K\u00f5rgus<\/td>\n<td>113 cm<\/td>\n<\/tr>\n<tr>\n<td>Pikendatav kuni<\/td>\n<td>1.8 m<\/td>\n<\/tr>\n<tr>\n<td>Kaal<\/td>\n<td>7.7 kg<\/td>\n<\/tr>\n<tr>\n<td>Kandev\u00f5ime<\/td>\n<td>kuni 30 kg<\/td>\n<\/tr>\n<tr>\n<td><\/td>\n<td><\/td>\n<\/tr>\n<tr>\n<td><\/td>\n<td><\/td>\n<\/tr>\n<\/tbody>\n<\/table>\n<p>&nbsp;<\/p>\n","protected":false},"excerpt":{"rendered":"<p>Tarneaeg: 1-3 p\u00e4eva<\/p>\n<p>Tri-Max on ainuke statiiv, millel on t\u00e4psuse sertifikaat. Soovitame k\u00f5igile robot-tahh\u00fcmeetritele ja 3D sk\u00e4nneritele.<\/p>\n","protected":false},"featured_media":391,"template":"","meta":[],"product_brand":[],"product_cat":[48],"product_tag":[72],"class_list":{"0":"post-475","1":"product","2":"type-product","3":"status-publish","4":"has-post-thumbnail","6":"product_cat-statiivid","7":"product_tag-ts","8":"product_shipping_class-kuller","10":"first","11":"instock","12":"taxable","13":"shipping-taxable","14":"purchasable","15":"product-type-simple"},"jetpack_sharing_enabled":true,"_links":{"self":[{"href":"https:\/\/geostation.ee\/en\/wp-json\/wp\/v2\/product\/475","targetHints":{"allow":["GET"]}}],"collection":[{"href":"https:\/\/geostation.ee\/en\/wp-json\/wp\/v2\/product"}],"about":[{"href":"https:\/\/geostation.ee\/en\/wp-json\/wp\/v2\/types\/product"}],"wp:featuredmedia":[{"embeddable":true,"href":"https:\/\/geostation.ee\/en\/wp-json\/wp\/v2\/media\/391"}],"wp:attachment":[{"href":"https:\/\/geostation.ee\/en\/wp-json\/wp\/v2\/media?parent=475"}],"wp:term":[{"taxonomy":"product_brand","embeddable":true,"href":"https:\/\/geostation.ee\/en\/wp-json\/wp\/v2\/product_brand?post=475"},{"taxonomy":"product_cat","embeddable":true,"href":"https:\/\/geostation.ee\/en\/wp-json\/wp\/v2\/product_cat?post=475"},{"taxonomy":"product_tag","embeddable":true,"href":"https:\/\/geostation.ee\/en\/wp-json\/wp\/v2\/product_tag?post=475"}],"curies":[{"name":"wp","href":"https:\/\/api.w.org\/{rel}","templated":true}]}}