{"id":1485,"date":"2025-12-04T15:14:40","date_gmt":"2025-12-04T15:14:40","guid":{"rendered":"https:\/\/geostation.ee\/?post_type=product&#038;p=1485"},"modified":"2025-12-04T16:04:39","modified_gmt":"2025-12-04T16:04:39","slug":"seco-mini","status":"publish","type":"product","link":"https:\/\/geostation.ee\/en\/toode\/seco-mini\/","title":{"rendered":"Seco miniprisma"},"content":{"rendered":"","protected":false},"excerpt":{"rendered":"<p>Tarneaeg: 1-3 t\u00f6\u00f6p\u00e4eva. Hind ilma km-ta <strong>250\u20ac<\/strong><\/p>\n<p>Seco miniprismaga saab teha t\u00e4pset m\u00e4rkimist\u00f6\u00f6d kui ka kasutada koos sauaga. Offset 0\/-30mm, 5\/8&#8242; keere, prisma l\u00e4bim\u00f5\u00f5t 2<span class=\"hps\">5 mm.<\/span><\/p>\n<p>Prismal on k\u00fcljes justeeritav \u00fcmarvesilood.<\/p>\n","protected":false},"featured_media":1486,"template":"","meta":[],"product_brand":[],"product_cat":[80],"product_tag":[],"class_list":{"0":"post-1485","1":"product","2":"type-product","3":"status-publish","4":"has-post-thumbnail","6":"product_cat-prismad","7":"product_shipping_class-pakiautomaat","9":"first","10":"instock","11":"taxable","12":"shipping-taxable","13":"purchasable","14":"product-type-simple"},"jetpack_sharing_enabled":true,"_links":{"self":[{"href":"https:\/\/geostation.ee\/en\/wp-json\/wp\/v2\/product\/1485","targetHints":{"allow":["GET"]}}],"collection":[{"href":"https:\/\/geostation.ee\/en\/wp-json\/wp\/v2\/product"}],"about":[{"href":"https:\/\/geostation.ee\/en\/wp-json\/wp\/v2\/types\/product"}],"wp:featuredmedia":[{"embeddable":true,"href":"https:\/\/geostation.ee\/en\/wp-json\/wp\/v2\/media\/1486"}],"wp:attachment":[{"href":"https:\/\/geostation.ee\/en\/wp-json\/wp\/v2\/media?parent=1485"}],"wp:term":[{"taxonomy":"product_brand","embeddable":true,"href":"https:\/\/geostation.ee\/en\/wp-json\/wp\/v2\/product_brand?post=1485"},{"taxonomy":"product_cat","embeddable":true,"href":"https:\/\/geostation.ee\/en\/wp-json\/wp\/v2\/product_cat?post=1485"},{"taxonomy":"product_tag","embeddable":true,"href":"https:\/\/geostation.ee\/en\/wp-json\/wp\/v2\/product_tag?post=1485"}],"curies":[{"name":"wp","href":"https:\/\/api.w.org\/{rel}","templated":true}]}}