{"id":1482,"date":"2025-12-04T13:23:51","date_gmt":"2025-12-04T13:23:51","guid":{"rendered":"https:\/\/geostation.ee\/?post_type=product&#038;p=1482"},"modified":"2025-12-04T16:06:51","modified_gmt":"2025-12-04T16:06:51","slug":"seco-prisma","status":"publish","type":"product","link":"https:\/\/geostation.ee\/en\/toode\/seco-prisma\/","title":{"rendered":"Seco 360 prisma"},"content":{"rendered":"","protected":false},"excerpt":{"rendered":"<p>Tarneaeg: 1-3 t\u00f6\u00f6p\u00e4eva. Hind ilma km-ta <strong>564,52\u20ac<\/strong><\/p>\n<p>Tugev ja kukkumise eest kaitstud 360\u00b0 Seco prisma. Offset 0, 5\/8&#8242; keere, prisma l\u00e4bim\u00f5\u00f5t 6 x <span class=\"hps\">35 mm, k<\/span>aal: 800g.<\/p>\n<p>Prismaga tuleb kaasa universaaladapter, mida saab ka teiste prismadega kasutada.<\/p>\n","protected":false},"featured_media":1483,"template":"","meta":[],"product_brand":[],"product_cat":[80],"product_tag":[],"class_list":{"0":"post-1482","1":"product","2":"type-product","3":"status-publish","4":"has-post-thumbnail","6":"product_cat-prismad","7":"product_shipping_class-pakiautomaat","9":"first","10":"instock","11":"taxable","12":"shipping-taxable","13":"purchasable","14":"product-type-simple"},"jetpack_sharing_enabled":true,"_links":{"self":[{"href":"https:\/\/geostation.ee\/en\/wp-json\/wp\/v2\/product\/1482","targetHints":{"allow":["GET"]}}],"collection":[{"href":"https:\/\/geostation.ee\/en\/wp-json\/wp\/v2\/product"}],"about":[{"href":"https:\/\/geostation.ee\/en\/wp-json\/wp\/v2\/types\/product"}],"wp:featuredmedia":[{"embeddable":true,"href":"https:\/\/geostation.ee\/en\/wp-json\/wp\/v2\/media\/1483"}],"wp:attachment":[{"href":"https:\/\/geostation.ee\/en\/wp-json\/wp\/v2\/media?parent=1482"}],"wp:term":[{"taxonomy":"product_brand","embeddable":true,"href":"https:\/\/geostation.ee\/en\/wp-json\/wp\/v2\/product_brand?post=1482"},{"taxonomy":"product_cat","embeddable":true,"href":"https:\/\/geostation.ee\/en\/wp-json\/wp\/v2\/product_cat?post=1482"},{"taxonomy":"product_tag","embeddable":true,"href":"https:\/\/geostation.ee\/en\/wp-json\/wp\/v2\/product_tag?post=1482"}],"curies":[{"name":"wp","href":"https:\/\/api.w.org\/{rel}","templated":true}]}}