{"id":1420,"date":"2024-11-29T13:05:22","date_gmt":"2024-11-29T13:05:22","guid":{"rendered":"https:\/\/geostation.ee\/?post_type=product&#038;p=1420"},"modified":"2024-11-29T13:30:11","modified_gmt":"2024-11-29T13:30:11","slug":"moodulint-bmi-%c2%b11-1mm-50m","status":"publish","type":"product","link":"https:\/\/geostation.ee\/en\/toode\/moodulint-bmi-%c2%b11-1mm-50m\/","title":{"rendered":"M\u00f5\u00f5dulint BMI (\u00b11.1mm\/10m) 50m"},"content":{"rendered":"","protected":false},"excerpt":{"rendered":"<p>Tarneaeg: 1-3 t\u00f6\u00f6p\u00e4eva.<\/p>\n<p><span class=\"HwtZe\" lang=\"et\"><span class=\"jCAhz ChMk0b C1N51c\"><span class=\"ryNqvb\">Pol\u00fcamiidkattega teraslint, mis on v\u00e4ga hea kvaliteediga ja t\u00e4pne ning kergesti loetav. 50m.<br \/>\n<\/span><\/span><\/span><\/p>\n<p>Kerimismehanism on kuullaagritega v\u00f5llil.<\/p>\n<p>&nbsp;<\/p>\n","protected":false},"featured_media":1137,"template":"","meta":[],"product_brand":[],"product_cat":[91],"product_tag":[],"class_list":{"0":"post-1420","1":"product","2":"type-product","3":"status-publish","4":"has-post-thumbnail","6":"product_cat-muud-mootevahendid","7":"product_shipping_class-pakiautomaat","9":"first","10":"instock","11":"taxable","12":"shipping-taxable","13":"purchasable","14":"product-type-simple"},"jetpack_sharing_enabled":true,"_links":{"self":[{"href":"https:\/\/geostation.ee\/en\/wp-json\/wp\/v2\/product\/1420","targetHints":{"allow":["GET"]}}],"collection":[{"href":"https:\/\/geostation.ee\/en\/wp-json\/wp\/v2\/product"}],"about":[{"href":"https:\/\/geostation.ee\/en\/wp-json\/wp\/v2\/types\/product"}],"wp:featuredmedia":[{"embeddable":true,"href":"https:\/\/geostation.ee\/en\/wp-json\/wp\/v2\/media\/1137"}],"wp:attachment":[{"href":"https:\/\/geostation.ee\/en\/wp-json\/wp\/v2\/media?parent=1420"}],"wp:term":[{"taxonomy":"product_brand","embeddable":true,"href":"https:\/\/geostation.ee\/en\/wp-json\/wp\/v2\/product_brand?post=1420"},{"taxonomy":"product_cat","embeddable":true,"href":"https:\/\/geostation.ee\/en\/wp-json\/wp\/v2\/product_cat?post=1420"},{"taxonomy":"product_tag","embeddable":true,"href":"https:\/\/geostation.ee\/en\/wp-json\/wp\/v2\/product_tag?post=1420"}],"curies":[{"name":"wp","href":"https:\/\/api.w.org\/{rel}","templated":true}]}}