{"id":1413,"date":"2024-11-05T11:14:28","date_gmt":"2024-11-05T11:14:28","guid":{"rendered":"https:\/\/geostation.ee\/?post_type=product&#038;p=1413"},"modified":"2024-11-05T11:21:57","modified_gmt":"2024-11-05T11:21:57","slug":"statiivi-alus-seco","status":"publish","type":"product","link":"https:\/\/geostation.ee\/en\/toode\/statiivi-alus-seco\/","title":{"rendered":"Statiivi alus Seco"},"content":{"rendered":"","protected":false},"excerpt":{"rendered":"<p>Tarneaeg: 1-3 t\u00f6\u00f6p\u00e4eva.<\/p>\n<p>Tsentrist kinnitusauguni 65cm, kaal 0,48kg.<\/p>\n","protected":false},"featured_media":1414,"template":"","meta":[],"product_brand":[],"product_cat":[91,48],"product_tag":[],"class_list":{"0":"post-1413","1":"product","2":"type-product","3":"status-publish","4":"has-post-thumbnail","6":"product_cat-muud-mootevahendid","7":"product_cat-statiivid","8":"product_shipping_class-pakiautomaat","10":"first","11":"instock","12":"taxable","13":"shipping-taxable","14":"purchasable","15":"product-type-simple"},"jetpack_sharing_enabled":true,"_links":{"self":[{"href":"https:\/\/geostation.ee\/en\/wp-json\/wp\/v2\/product\/1413","targetHints":{"allow":["GET"]}}],"collection":[{"href":"https:\/\/geostation.ee\/en\/wp-json\/wp\/v2\/product"}],"about":[{"href":"https:\/\/geostation.ee\/en\/wp-json\/wp\/v2\/types\/product"}],"wp:featuredmedia":[{"embeddable":true,"href":"https:\/\/geostation.ee\/en\/wp-json\/wp\/v2\/media\/1414"}],"wp:attachment":[{"href":"https:\/\/geostation.ee\/en\/wp-json\/wp\/v2\/media?parent=1413"}],"wp:term":[{"taxonomy":"product_brand","embeddable":true,"href":"https:\/\/geostation.ee\/en\/wp-json\/wp\/v2\/product_brand?post=1413"},{"taxonomy":"product_cat","embeddable":true,"href":"https:\/\/geostation.ee\/en\/wp-json\/wp\/v2\/product_cat?post=1413"},{"taxonomy":"product_tag","embeddable":true,"href":"https:\/\/geostation.ee\/en\/wp-json\/wp\/v2\/product_tag?post=1413"}],"curies":[{"name":"wp","href":"https:\/\/api.w.org\/{rel}","templated":true}]}}