{"id":1384,"date":"2024-06-19T11:23:02","date_gmt":"2024-06-19T11:23:02","guid":{"rendered":"https:\/\/geostation.ee\/?post_type=product&#038;p=1384"},"modified":"2024-06-19T12:51:25","modified_gmt":"2024-06-19T12:51:25","slug":"sp85_r7","status":"publish","type":"product","link":"https:\/\/geostation.ee\/en\/toode\/sp85_r7\/","title":{"rendered":"Kasutatud SP85 + Ranger7 v\u00e4liarvuti"},"content":{"rendered":"<p><a href=\"https:\/\/trl.trimble.com\/docushare\/dsweb\/Get\/Document-1073650\/SG-SP85-Br-2020-web.pdf\">SP85 tooteleht<\/a><\/p>\n<p><a href=\"https:\/\/trl.trimble.com\/docushare\/dsweb\/Get\/Document-1038999\/022487-194_Spectra%20Ranger7_DS_A4_1022_LR%20(1).pdf\">Ranger7 tooteleht<\/a><\/p>\n<p>&nbsp;<\/p>\n","protected":false},"excerpt":{"rendered":"<p>&nbsp;<\/p>\n<p>Komplekt sisaldab: kasutatud SP85 GNSS-seade, kasutatud Ranger7 v\u00e4liarvuti, uus 2m sau, v\u00e4liarvuti klamber, GNSS-tarkvara SurveyPro.<\/p>\n<p>V\u00e4ga kiire ja v\u00f5imekas komplekt!<\/p>\n<p>Kui Sul tekkis huvi, siis borneeri endale m\u00f5\u00f5tmiseks tasuta proovip\u00e4ev: info@geostation.ee v\u00f5i helista 5533551.<\/p>\n","protected":false},"featured_media":1385,"template":"","meta":[],"product_brand":[],"product_cat":[53],"product_tag":[71,99],"class_list":{"0":"post-1384","1":"product","2":"type-product","3":"status-publish","4":"has-post-thumbnail","6":"product_cat-gnss-seadmed","7":"product_tag-gnss","8":"product_tag-sp85","9":"product_shipping_class-kuller","11":"first","12":"instock","13":"sale","14":"taxable","15":"shipping-taxable","16":"purchasable","17":"product-type-simple"},"jetpack_sharing_enabled":true,"_links":{"self":[{"href":"https:\/\/geostation.ee\/en\/wp-json\/wp\/v2\/product\/1384","targetHints":{"allow":["GET"]}}],"collection":[{"href":"https:\/\/geostation.ee\/en\/wp-json\/wp\/v2\/product"}],"about":[{"href":"https:\/\/geostation.ee\/en\/wp-json\/wp\/v2\/types\/product"}],"wp:featuredmedia":[{"embeddable":true,"href":"https:\/\/geostation.ee\/en\/wp-json\/wp\/v2\/media\/1385"}],"wp:attachment":[{"href":"https:\/\/geostation.ee\/en\/wp-json\/wp\/v2\/media?parent=1384"}],"wp:term":[{"taxonomy":"product_brand","embeddable":true,"href":"https:\/\/geostation.ee\/en\/wp-json\/wp\/v2\/product_brand?post=1384"},{"taxonomy":"product_cat","embeddable":true,"href":"https:\/\/geostation.ee\/en\/wp-json\/wp\/v2\/product_cat?post=1384"},{"taxonomy":"product_tag","embeddable":true,"href":"https:\/\/geostation.ee\/en\/wp-json\/wp\/v2\/product_tag?post=1384"}],"curies":[{"name":"wp","href":"https:\/\/api.w.org\/{rel}","templated":true}]}}