{"id":1350,"date":"2024-05-10T20:46:09","date_gmt":"2024-05-10T20:46:09","guid":{"rendered":"https:\/\/geostation.ee\/?post_type=product&#038;p=1350"},"modified":"2024-05-10T21:12:55","modified_gmt":"2024-05-10T21:12:55","slug":"gnss-seade-sp100","status":"publish","type":"product","link":"https:\/\/geostation.ee\/en\/toode\/gnss-seade-sp100\/","title":{"rendered":"GNSS-seade SP100"},"content":{"rendered":"<p>Seadme t\u00e4ielik <a href=\"https:\/\/trl.trimble.com\/docushare\/dsweb\/Get\/Document-1072959\/SG_SP100%20GNSS%20Receiver_Datasheet_English%20US_LR.pdf?mkt_tok=MTY4LUNSSi01ODYAAAGS7mjqIsl9XdpMZ9SHu2mPZ6IRLUWiTKDNjA7BwgWApWmz_syq5gKLgEZxH1ejQewwLT_6i7DieOwXC3wG0euOZi_V5ESp5jfyueMAO9RgwVZt\">spetsifikatsioon<\/a><\/p>\n","protected":false},"excerpt":{"rendered":"<p><span dir=\"ltr\" role=\"presentation\">Spectra SP100<\/span> <span dir=\"ltr\" role=\"presentation\">on<\/span> <span dir=\"ltr\" role=\"presentation\">uue<\/span> <span dir=\"ltr\" role=\"presentation\">ajastu<\/span> <span dir=\"ltr\" role=\"presentation\">GNSS<\/span><span dir=\"ltr\" role=\"presentation\">&#8211;<\/span><span dir=\"ltr\" role=\"presentation\">seade.<\/span> <span dir=\"ltr\" role=\"presentation\">Lisaks <\/span><span dir=\"ltr\" role=\"presentation\">tavap\u00e4rasele RTK\/staatilisele m\u00f5\u00f5tmisele ning <\/span><span dir=\"ltr\" role=\"presentation\">GPS\/GLONASS\/GALILEO- satelliitide toetusele <\/span><span dir=\"ltr\" role=\"presentation\">on SP100-l BeiDou III p\u00f5lvkonna ja QZSS -signaalide toetus, 672 <\/span><span dir=\"ltr\" role=\"presentation\">kanalit, -40\u00b0C t\u00f6\u00f6kindlus, <\/span><span dir=\"ltr\" role=\"presentation\">IP68<\/span><span dir=\"ltr\" role=\"presentation\">, kukkumiskindlus <\/span><span dir=\"ltr\" role=\"presentation\">2m, 9GB sisem\u00e4lu, garantii <\/span><span dir=\"ltr\" role=\"presentation\">2a ning z-<\/span><span dir=\"ltr\" role=\"presentation\">BLADE<\/span> <span dir=\"ltr\" role=\"presentation\">tehnoloogia. Seni ligip\u00e4\u00e4smatud punktid m\u00f5\u00f5dad lihtsalt kaldeandurit kasutades.<br \/>\n<\/span><\/p>\n<p>Kui Sul tekkis huvi, siis v\u00f5ta \u00fchendust: info@geostation.ee v\u00f5i helista 5533551.<\/p>\n","protected":false},"featured_media":1360,"template":"","meta":[],"product_brand":[],"product_cat":[53],"product_tag":[71],"class_list":{"0":"post-1350","1":"product","2":"type-product","3":"status-publish","4":"has-post-thumbnail","6":"product_cat-gnss-seadmed","7":"product_tag-gnss","9":"first","10":"instock","11":"taxable","12":"shipping-taxable","13":"product-type-simple"},"jetpack_sharing_enabled":true,"_links":{"self":[{"href":"https:\/\/geostation.ee\/en\/wp-json\/wp\/v2\/product\/1350","targetHints":{"allow":["GET"]}}],"collection":[{"href":"https:\/\/geostation.ee\/en\/wp-json\/wp\/v2\/product"}],"about":[{"href":"https:\/\/geostation.ee\/en\/wp-json\/wp\/v2\/types\/product"}],"wp:featuredmedia":[{"embeddable":true,"href":"https:\/\/geostation.ee\/en\/wp-json\/wp\/v2\/media\/1360"}],"wp:attachment":[{"href":"https:\/\/geostation.ee\/en\/wp-json\/wp\/v2\/media?parent=1350"}],"wp:term":[{"taxonomy":"product_brand","embeddable":true,"href":"https:\/\/geostation.ee\/en\/wp-json\/wp\/v2\/product_brand?post=1350"},{"taxonomy":"product_cat","embeddable":true,"href":"https:\/\/geostation.ee\/en\/wp-json\/wp\/v2\/product_cat?post=1350"},{"taxonomy":"product_tag","embeddable":true,"href":"https:\/\/geostation.ee\/en\/wp-json\/wp\/v2\/product_tag?post=1350"}],"curies":[{"name":"wp","href":"https:\/\/api.w.org\/{rel}","templated":true}]}}