{"id":1324,"date":"2024-02-19T14:23:21","date_gmt":"2024-02-19T14:23:21","guid":{"rendered":"https:\/\/geostation.ee\/?post_type=product&#038;p=1324"},"modified":"2024-02-19T14:25:53","modified_gmt":"2024-02-19T14:25:53","slug":"piirimark-60cm","status":"publish","type":"product","link":"https:\/\/geostation.ee\/en\/toode\/piirimark-60cm\/","title":{"rendered":"Piirim\u00e4rk 60cm"},"content":{"rendered":"","protected":false},"excerpt":{"rendered":"<p>Tarneaeg: 1-3 p\u00e4eva<\/p>\n<p>Piirim\u00e4rgi komplekt koosneb ankruga piiritorust, tsentrim\u00e4rgipeast ja tsentrikorgist.<\/p>\n<p>Toru pikkus 60cm \/l\u00e4bim\u00f5\u00f5t 21mm, tsentrim\u00e4rgi m\u00f5\u00f5dud 8x8x6.5 cm.<\/p>\n<p>Spetsiaalsed paigaldusvahendid saad meilt tasuta laenutada.<\/p>\n","protected":false},"featured_media":1325,"template":"","meta":[],"product_brand":[],"product_cat":[58],"product_tag":[],"class_list":{"0":"post-1324","1":"product","2":"type-product","3":"status-publish","4":"has-post-thumbnail","6":"product_cat-piirimargid","8":"first","9":"instock","10":"taxable","11":"shipping-taxable","12":"purchasable","13":"product-type-simple"},"jetpack_sharing_enabled":true,"_links":{"self":[{"href":"https:\/\/geostation.ee\/en\/wp-json\/wp\/v2\/product\/1324","targetHints":{"allow":["GET"]}}],"collection":[{"href":"https:\/\/geostation.ee\/en\/wp-json\/wp\/v2\/product"}],"about":[{"href":"https:\/\/geostation.ee\/en\/wp-json\/wp\/v2\/types\/product"}],"wp:featuredmedia":[{"embeddable":true,"href":"https:\/\/geostation.ee\/en\/wp-json\/wp\/v2\/media\/1325"}],"wp:attachment":[{"href":"https:\/\/geostation.ee\/en\/wp-json\/wp\/v2\/media?parent=1324"}],"wp:term":[{"taxonomy":"product_brand","embeddable":true,"href":"https:\/\/geostation.ee\/en\/wp-json\/wp\/v2\/product_brand?post=1324"},{"taxonomy":"product_cat","embeddable":true,"href":"https:\/\/geostation.ee\/en\/wp-json\/wp\/v2\/product_cat?post=1324"},{"taxonomy":"product_tag","embeddable":true,"href":"https:\/\/geostation.ee\/en\/wp-json\/wp\/v2\/product_tag?post=1324"}],"curies":[{"name":"wp","href":"https:\/\/api.w.org\/{rel}","templated":true}]}}