{"id":1310,"date":"2023-11-24T14:33:52","date_gmt":"2023-11-24T14:33:52","guid":{"rendered":"https:\/\/geostation.ee\/?post_type=product&#038;p=1310"},"modified":"2025-12-31T12:07:07","modified_gmt":"2025-12-31T12:07:07","slug":"piiritoru-komplekt-50cm","status":"publish","type":"product","link":"https:\/\/geostation.ee\/en\/toode\/piiritoru-komplekt-50cm\/","title":{"rendered":"Piiritoru komplekt 50cm"},"content":{"rendered":"","protected":false},"excerpt":{"rendered":"<div class=\"post-content woocommerce-product-details__short-description\">\n<div class=\"post-content woocommerce-product-details__short-description\">\n<p>Tarneaeg: 1-3 p\u00e4eva<\/p>\n<p>Piiritoru tsentrim\u00e4rgipeaga sobib kasutamiseks tiheasustuses.<\/p>\n<p>Toru pikkus 50cm \/l\u00e4bim\u00f5\u00f5t 21mm, tsentrim\u00e4rgi l\u00e4bim\u00f5\u00f5t 6 cm.<\/p>\n<\/div>\n<\/div>\n","protected":false},"featured_media":1371,"template":"","meta":[],"product_brand":[],"product_cat":[58],"product_tag":[75],"class_list":{"0":"post-1310","1":"product","2":"type-product","3":"status-publish","4":"has-post-thumbnail","6":"product_cat-piirimargid","7":"product_tag-piirimark","8":"product_shipping_class-pakiautomaat","10":"first","11":"instock","12":"taxable","13":"shipping-taxable","14":"purchasable","15":"product-type-variable"},"jetpack_sharing_enabled":true,"_links":{"self":[{"href":"https:\/\/geostation.ee\/en\/wp-json\/wp\/v2\/product\/1310","targetHints":{"allow":["GET"]}}],"collection":[{"href":"https:\/\/geostation.ee\/en\/wp-json\/wp\/v2\/product"}],"about":[{"href":"https:\/\/geostation.ee\/en\/wp-json\/wp\/v2\/types\/product"}],"wp:featuredmedia":[{"embeddable":true,"href":"https:\/\/geostation.ee\/en\/wp-json\/wp\/v2\/media\/1371"}],"wp:attachment":[{"href":"https:\/\/geostation.ee\/en\/wp-json\/wp\/v2\/media?parent=1310"}],"wp:term":[{"taxonomy":"product_brand","embeddable":true,"href":"https:\/\/geostation.ee\/en\/wp-json\/wp\/v2\/product_brand?post=1310"},{"taxonomy":"product_cat","embeddable":true,"href":"https:\/\/geostation.ee\/en\/wp-json\/wp\/v2\/product_cat?post=1310"},{"taxonomy":"product_tag","embeddable":true,"href":"https:\/\/geostation.ee\/en\/wp-json\/wp\/v2\/product_tag?post=1310"}],"curies":[{"name":"wp","href":"https:\/\/api.w.org\/{rel}","templated":true}]}}