{"id":1253,"date":"2023-04-28T11:41:49","date_gmt":"2023-04-28T11:41:49","guid":{"rendered":"https:\/\/geostation.ee\/?post_type=product&#038;p=1253"},"modified":"2026-04-08T09:24:49","modified_gmt":"2026-04-08T09:24:49","slug":"geodesy-vaga-tapne-treeger","status":"publish","type":"product","link":"https:\/\/geostation.ee\/en\/toode\/geodesy-vaga-tapne-treeger\/","title":{"rendered":"Geodesy v\u00e4ga t\u00e4pne treeger"},"content":{"rendered":"","protected":false},"excerpt":{"rendered":"<p>Tarneaeg: 1-3 t\u00f6\u00f6p\u00e4eva.<\/p>\n<p>V\u00e4ga t\u00e4pne geodesy treeger on m\u00f5eldud robot-tahh\u00fcmeetritele, aga sobib loomulikult k\u00f5igile treegerit vajavatele m\u00f5\u00f5teseadmetele.<\/p>\n","protected":false},"featured_media":1256,"template":"","meta":[],"product_brand":[],"product_cat":[83],"product_tag":[],"class_list":{"0":"post-1253","1":"product","2":"type-product","3":"status-publish","4":"has-post-thumbnail","6":"product_cat-treegerid","7":"product_shipping_class-pakiautomaat","9":"first","10":"outofstock","11":"taxable","12":"shipping-taxable","13":"purchasable","14":"product-type-variable"},"jetpack_sharing_enabled":true,"_links":{"self":[{"href":"https:\/\/geostation.ee\/en\/wp-json\/wp\/v2\/product\/1253","targetHints":{"allow":["GET"]}}],"collection":[{"href":"https:\/\/geostation.ee\/en\/wp-json\/wp\/v2\/product"}],"about":[{"href":"https:\/\/geostation.ee\/en\/wp-json\/wp\/v2\/types\/product"}],"wp:featuredmedia":[{"embeddable":true,"href":"https:\/\/geostation.ee\/en\/wp-json\/wp\/v2\/media\/1256"}],"wp:attachment":[{"href":"https:\/\/geostation.ee\/en\/wp-json\/wp\/v2\/media?parent=1253"}],"wp:term":[{"taxonomy":"product_brand","embeddable":true,"href":"https:\/\/geostation.ee\/en\/wp-json\/wp\/v2\/product_brand?post=1253"},{"taxonomy":"product_cat","embeddable":true,"href":"https:\/\/geostation.ee\/en\/wp-json\/wp\/v2\/product_cat?post=1253"},{"taxonomy":"product_tag","embeddable":true,"href":"https:\/\/geostation.ee\/en\/wp-json\/wp\/v2\/product_tag?post=1253"}],"curies":[{"name":"wp","href":"https:\/\/api.w.org\/{rel}","templated":true}]}}