{"id":1220,"date":"2023-04-20T14:47:38","date_gmt":"2023-04-20T14:47:38","guid":{"rendered":"https:\/\/geostation.ee\/?post_type=product&#038;p=1220"},"modified":"2025-11-01T09:28:56","modified_gmt":"2025-11-01T09:28:56","slug":"reflektorkleebised-raamil","status":"publish","type":"product","link":"https:\/\/geostation.ee\/en\/toode\/reflektorkleebised-raamil\/","title":{"rendered":"Reflektorkleebised raamil"},"content":{"rendered":"","protected":false},"excerpt":{"rendered":"<p>Tarneaeg: 1-3 t\u00f6\u00f6p\u00e4eva.<\/p>\n<p>Raami suurus 100 x 35 mm, kleepsud 30 x 30 mm, augu \u00d8 6 mm.<\/p>\n","protected":false},"featured_media":1221,"template":"","meta":[],"product_brand":[],"product_cat":[80,81],"product_tag":[],"class_list":{"0":"post-1220","1":"product","2":"type-product","3":"status-publish","4":"has-post-thumbnail","6":"product_cat-prismad","7":"product_cat-reflektorkleebised","8":"product_shipping_class-pakiautomaat","10":"first","11":"outofstock","12":"taxable","13":"shipping-taxable","14":"purchasable","15":"product-type-simple"},"jetpack_sharing_enabled":true,"_links":{"self":[{"href":"https:\/\/geostation.ee\/en\/wp-json\/wp\/v2\/product\/1220","targetHints":{"allow":["GET"]}}],"collection":[{"href":"https:\/\/geostation.ee\/en\/wp-json\/wp\/v2\/product"}],"about":[{"href":"https:\/\/geostation.ee\/en\/wp-json\/wp\/v2\/types\/product"}],"wp:featuredmedia":[{"embeddable":true,"href":"https:\/\/geostation.ee\/en\/wp-json\/wp\/v2\/media\/1221"}],"wp:attachment":[{"href":"https:\/\/geostation.ee\/en\/wp-json\/wp\/v2\/media?parent=1220"}],"wp:term":[{"taxonomy":"product_brand","embeddable":true,"href":"https:\/\/geostation.ee\/en\/wp-json\/wp\/v2\/product_brand?post=1220"},{"taxonomy":"product_cat","embeddable":true,"href":"https:\/\/geostation.ee\/en\/wp-json\/wp\/v2\/product_cat?post=1220"},{"taxonomy":"product_tag","embeddable":true,"href":"https:\/\/geostation.ee\/en\/wp-json\/wp\/v2\/product_tag?post=1220"}],"curies":[{"name":"wp","href":"https:\/\/api.w.org\/{rel}","templated":true}]}}