{"id":1202,"date":"2023-04-19T21:50:30","date_gmt":"2023-04-19T21:50:30","guid":{"rendered":"https:\/\/geostation.ee\/?post_type=product&#038;p=1202"},"modified":"2025-03-12T12:56:16","modified_gmt":"2025-03-12T12:56:16","slug":"gs-survey-alumiiniumsauad","status":"publish","type":"product","link":"https:\/\/geostation.ee\/en\/toode\/gs-survey-alumiiniumsauad\/","title":{"rendered":"GS SURVEY alumiiniumsauad"},"content":{"rendered":"<table style=\"height: 108px\" width=\"469\">\n<tbody>\n<tr>\n<td width=\"155\">GS alumiinumsau<\/td>\n<td width=\"103\">3,6 m<\/td>\n<td width=\"98\">4,65 m<\/td>\n<\/tr>\n<tr>\n<td>Pikkus kokkupandult<\/td>\n<td>1,46<\/td>\n<td>1,53<\/td>\n<\/tr>\n<tr>\n<td>Min prisma k\u00f5rgus<\/td>\n<td>1,61<\/td>\n<td>1,68<\/td>\n<\/tr>\n<tr>\n<td>Teleskoope<\/td>\n<td>2<\/td>\n<td>3<\/td>\n<\/tr>\n<tr>\n<td>Alumise osa l\u00e4bim\u00f5\u00f5t<\/td>\n<td>32 mm<\/td>\n<td>38 mm<\/td>\n<\/tr>\n<tr>\n<td>Kaal<\/td>\n<td>1,80 kg<\/td>\n<td>2,78 kg<\/td>\n<\/tr>\n<\/tbody>\n<\/table>\n","protected":false},"excerpt":{"rendered":"<p>Tarneaeg: 1-3 t\u00f6\u00f6p\u00e4eva.<\/p>\n<p>GS SURVEY sauad on hea kvaliteediga ning t\u00f6\u00f6kindlad.<\/p>\n<p>Vali ka juurde <a href=\"https:\/\/geostation.ee\/toode\/sauaadaptrid\/\">sauaadapter<\/a> s\u00f5ltuvalt prismat\u00fc\u00fcbist v\u00f5i seadmest.<\/p>\n","protected":false},"featured_media":1203,"template":"","meta":[],"product_brand":[],"product_cat":[57],"product_tag":[],"class_list":{"0":"post-1202","1":"product","2":"type-product","3":"status-publish","4":"has-post-thumbnail","6":"product_cat-mootesauad","7":"product_shipping_class-kuller","9":"first","10":"instock","11":"taxable","12":"shipping-taxable","13":"purchasable","14":"product-type-variable"},"jetpack_sharing_enabled":true,"_links":{"self":[{"href":"https:\/\/geostation.ee\/en\/wp-json\/wp\/v2\/product\/1202","targetHints":{"allow":["GET"]}}],"collection":[{"href":"https:\/\/geostation.ee\/en\/wp-json\/wp\/v2\/product"}],"about":[{"href":"https:\/\/geostation.ee\/en\/wp-json\/wp\/v2\/types\/product"}],"wp:featuredmedia":[{"embeddable":true,"href":"https:\/\/geostation.ee\/en\/wp-json\/wp\/v2\/media\/1203"}],"wp:attachment":[{"href":"https:\/\/geostation.ee\/en\/wp-json\/wp\/v2\/media?parent=1202"}],"wp:term":[{"taxonomy":"product_brand","embeddable":true,"href":"https:\/\/geostation.ee\/en\/wp-json\/wp\/v2\/product_brand?post=1202"},{"taxonomy":"product_cat","embeddable":true,"href":"https:\/\/geostation.ee\/en\/wp-json\/wp\/v2\/product_cat?post=1202"},{"taxonomy":"product_tag","embeddable":true,"href":"https:\/\/geostation.ee\/en\/wp-json\/wp\/v2\/product_tag?post=1202"}],"curies":[{"name":"wp","href":"https:\/\/api.w.org\/{rel}","templated":true}]}}