{"id":1193,"date":"2023-04-19T15:20:40","date_gmt":"2023-04-19T15:20:40","guid":{"rendered":"https:\/\/geostation.ee\/?post_type=product&#038;p=1193"},"modified":"2023-04-19T15:41:39","modified_gmt":"2023-04-19T15:41:39","slug":"primus-2-h","status":"publish","type":"product","link":"https:\/\/geostation.ee\/en\/toode\/primus-2-h\/","title":{"rendered":"Primus 2 H"},"content":{"rendered":"<table style=\"height: 155px;\" width=\"630\">\n<tbody>\n<tr>\n<td width=\"150\"><\/td>\n<td width=\"174\">Primus 2 H<\/td>\n<\/tr>\n<tr>\n<td>T\u00e4psus:<\/td>\n<td width=\"174\">\u00b1 0.5 mm\/10 m<\/td>\n<\/tr>\n<tr>\n<td>Kompensaator:<\/td>\n<td>\u00b1 5\u00b0<\/td>\n<\/tr>\n<tr>\n<td>Kaldjoon:<\/td>\n<td>puudub<\/td>\n<\/tr>\n<tr>\n<td>T\u00f6\u00f6piirkond:<\/td>\n<td>kuni 900 m (Acceptor Maxx)<\/td>\n<\/tr>\n<tr>\n<td>P\u00f6\u00f6rlemiskiirus:<\/td>\n<td>600 rpm<\/td>\n<\/tr>\n<tr>\n<td>Vee- ja tolmukindlus:<\/td>\n<td>IP 66<\/td>\n<\/tr>\n<tr>\n<td>T\u00f6\u00f6aeg:<\/td>\n<td>Kuni 100 tundi<\/td>\n<\/tr>\n<tr>\n<td>Aku:<\/td>\n<td>NiMH 4.8 V, 8500 mAh<\/td>\n<\/tr>\n<tr>\n<td>Lainepikkus:<\/td>\n<td>635 nm<\/td>\n<\/tr>\n<tr>\n<td>Kasutustemperatuur:<\/td>\n<td>&#8211; 20\u00b0C to + 50\u00b0C<\/td>\n<\/tr>\n<\/tbody>\n<\/table>\n","protected":false},"excerpt":{"rendered":"<p>Tarneaeg: 2 n\u00e4dalat.<\/p>\n<p>Primus 2 H on t\u00e4isautomaatne p\u00f6\u00f6rdlaser, millel on t\u00f6\u00f6raadius kuni 900 m ja mis on t\u00e4ielikult vihma- ja kukkumiskindel. Tehasegarantii 3 aastat, tehtud Saksamaal.<\/p>\n<p>Vastuv\u00f5tjaks sobivad <a href=\"https:\/\/geostation.ee\/toode\/acceptor-2-digital\/\">Acceptor 2 digital<\/a>, <a href=\"https:\/\/geostation.ee\/toode\/acceptor-maxx\/\">Acceptor Maxx<\/a> ja Acceptor M.<\/p>\n<p>Masinkontrolli seadmetega t\u00f6\u00f6tamiseks on laser saadaval ka p\u00f6\u00f6rlemiskiirusega 750 v\u00f5i 900 rpm.<\/p>\n","protected":false},"featured_media":1194,"template":"","meta":[],"product_brand":[],"product_cat":[84],"product_tag":[],"class_list":{"0":"post-1193","1":"product","2":"type-product","3":"status-publish","4":"has-post-thumbnail","6":"product_cat-poordlaserid","7":"product_shipping_class-kuller","9":"first","10":"instock","11":"taxable","12":"shipping-taxable","13":"purchasable","14":"product-type-simple"},"jetpack_sharing_enabled":true,"_links":{"self":[{"href":"https:\/\/geostation.ee\/en\/wp-json\/wp\/v2\/product\/1193","targetHints":{"allow":["GET"]}}],"collection":[{"href":"https:\/\/geostation.ee\/en\/wp-json\/wp\/v2\/product"}],"about":[{"href":"https:\/\/geostation.ee\/en\/wp-json\/wp\/v2\/types\/product"}],"wp:featuredmedia":[{"embeddable":true,"href":"https:\/\/geostation.ee\/en\/wp-json\/wp\/v2\/media\/1194"}],"wp:attachment":[{"href":"https:\/\/geostation.ee\/en\/wp-json\/wp\/v2\/media?parent=1193"}],"wp:term":[{"taxonomy":"product_brand","embeddable":true,"href":"https:\/\/geostation.ee\/en\/wp-json\/wp\/v2\/product_brand?post=1193"},{"taxonomy":"product_cat","embeddable":true,"href":"https:\/\/geostation.ee\/en\/wp-json\/wp\/v2\/product_cat?post=1193"},{"taxonomy":"product_tag","embeddable":true,"href":"https:\/\/geostation.ee\/en\/wp-json\/wp\/v2\/product_tag?post=1193"}],"curies":[{"name":"wp","href":"https:\/\/api.w.org\/{rel}","templated":true}]}}