{"id":1183,"date":"2023-04-19T13:46:54","date_gmt":"2023-04-19T13:46:54","guid":{"rendered":"https:\/\/geostation.ee\/?post_type=product&#038;p=1183"},"modified":"2026-02-27T12:03:48","modified_gmt":"2026-02-27T12:03:48","slug":"saua-pikendus-1m","status":"publish","type":"product","link":"https:\/\/geostation.ee\/en\/toode\/saua-pikendus-1m\/","title":{"rendered":"Saua pikendus 1m"},"content":{"rendered":"","protected":false},"excerpt":{"rendered":"<p>Tarneaeg: 1-3 t\u00f6\u00f6p\u00e4eva.<\/p>\n<p>GS 1m sauapikendused on alumiiniumist.<\/p>\n","protected":false},"featured_media":1186,"template":"","meta":[],"product_brand":[],"product_cat":[57],"product_tag":[],"class_list":{"0":"post-1183","1":"product","2":"type-product","3":"status-publish","4":"has-post-thumbnail","6":"product_cat-mootesauad","7":"product_shipping_class-kuller","9":"first","10":"instock","11":"taxable","12":"shipping-taxable","13":"purchasable","14":"product-type-variable"},"jetpack_sharing_enabled":true,"_links":{"self":[{"href":"https:\/\/geostation.ee\/en\/wp-json\/wp\/v2\/product\/1183","targetHints":{"allow":["GET"]}}],"collection":[{"href":"https:\/\/geostation.ee\/en\/wp-json\/wp\/v2\/product"}],"about":[{"href":"https:\/\/geostation.ee\/en\/wp-json\/wp\/v2\/types\/product"}],"wp:featuredmedia":[{"embeddable":true,"href":"https:\/\/geostation.ee\/en\/wp-json\/wp\/v2\/media\/1186"}],"wp:attachment":[{"href":"https:\/\/geostation.ee\/en\/wp-json\/wp\/v2\/media?parent=1183"}],"wp:term":[{"taxonomy":"product_brand","embeddable":true,"href":"https:\/\/geostation.ee\/en\/wp-json\/wp\/v2\/product_brand?post=1183"},{"taxonomy":"product_cat","embeddable":true,"href":"https:\/\/geostation.ee\/en\/wp-json\/wp\/v2\/product_cat?post=1183"},{"taxonomy":"product_tag","embeddable":true,"href":"https:\/\/geostation.ee\/en\/wp-json\/wp\/v2\/product_tag?post=1183"}],"curies":[{"name":"wp","href":"https:\/\/api.w.org\/{rel}","templated":true}]}}