{"id":1180,"date":"2023-04-19T13:03:42","date_gmt":"2023-04-19T13:03:42","guid":{"rendered":"https:\/\/geostation.ee\/?post_type=product&#038;p=1180"},"modified":"2025-07-08T13:09:07","modified_gmt":"2025-07-08T13:09:07","slug":"leica-disto-d2","status":"publish","type":"product","link":"https:\/\/geostation.ee\/en\/toode\/leica-disto-d2\/","title":{"rendered":"Leica Disto D2"},"content":{"rendered":"<table style=\"height: 243px\" width=\"100%\">\n<tbody>\n<tr>\n<td>M\u00f5\u00f5tmist\u00e4psus<\/td>\n<td>\u00b1 1.5 mm<\/td>\n<\/tr>\n<tr>\n<td>M\u00f5\u00f5teulatus<\/td>\n<td>100 m<\/td>\n<\/tr>\n<tr>\n<td>Viimaste m\u00f5\u00f5tmise m\u00e4lu<\/td>\n<td>10<\/td>\n<\/tr>\n<tr>\n<td>Vee- ja tolmukindlus<\/td>\n<td>IP54<\/td>\n<\/tr>\n<tr>\n<td>Toide<\/td>\n<td>2 x 1.5 V (AAA)<\/td>\n<\/tr>\n<tr>\n<td>Patarei kestvus<\/td>\n<td>~10 000 m\u00f5\u00f5tmist<\/td>\n<\/tr>\n<tr>\n<td>M\u00f5\u00f5tmed<\/td>\n<td>116 x 44 x 26 mm<\/td>\n<\/tr>\n<tr>\n<td>Kaal<\/td>\n<td>100 g<\/td>\n<\/tr>\n<\/tbody>\n<\/table>\n<p>&nbsp;<\/p>\n","protected":false},"excerpt":{"rendered":"<p>Uue Disto tarneaeg: 2 n\u00e4dalat. Laos olemas uuev\u00e4\u00e4rne demoseade, tarneaeg 1-3 t\u00f6\u00f6p\u00e4eva.<\/p>\n<p>Disto D2 on lihtne ja t\u00f6\u00f6kindel kaugusm\u00f5\u00f5tja, millel on mitmed lisafunktsioonid ning Bluetooth<sup>\u00ae<\/sup> Smart \u00fchendusv\u00f5imalus.<\/p>\n","protected":false},"featured_media":1181,"template":"","meta":[],"product_brand":[],"product_cat":[100,85],"product_tag":[],"class_list":{"0":"post-1180","1":"product","2":"type-product","3":"status-publish","4":"has-post-thumbnail","6":"product_cat-kaugusmooturid-ehituslaserid","7":"product_cat-kaugusmooturid","8":"product_shipping_class-pakiautomaat","10":"first","11":"instock","12":"taxable","13":"shipping-taxable","14":"purchasable","15":"product-type-variable"},"jetpack_sharing_enabled":true,"_links":{"self":[{"href":"https:\/\/geostation.ee\/en\/wp-json\/wp\/v2\/product\/1180","targetHints":{"allow":["GET"]}}],"collection":[{"href":"https:\/\/geostation.ee\/en\/wp-json\/wp\/v2\/product"}],"about":[{"href":"https:\/\/geostation.ee\/en\/wp-json\/wp\/v2\/types\/product"}],"wp:featuredmedia":[{"embeddable":true,"href":"https:\/\/geostation.ee\/en\/wp-json\/wp\/v2\/media\/1181"}],"wp:attachment":[{"href":"https:\/\/geostation.ee\/en\/wp-json\/wp\/v2\/media?parent=1180"}],"wp:term":[{"taxonomy":"product_brand","embeddable":true,"href":"https:\/\/geostation.ee\/en\/wp-json\/wp\/v2\/product_brand?post=1180"},{"taxonomy":"product_cat","embeddable":true,"href":"https:\/\/geostation.ee\/en\/wp-json\/wp\/v2\/product_cat?post=1180"},{"taxonomy":"product_tag","embeddable":true,"href":"https:\/\/geostation.ee\/en\/wp-json\/wp\/v2\/product_tag?post=1180"}],"curies":[{"name":"wp","href":"https:\/\/api.w.org\/{rel}","templated":true}]}}