{"id":1171,"date":"2023-04-19T11:49:31","date_gmt":"2023-04-19T11:49:31","guid":{"rendered":"https:\/\/geostation.ee\/?post_type=product&#038;p=1171"},"modified":"2025-05-22T09:17:27","modified_gmt":"2025-05-22T09:17:27","slug":"leica-disto-d1","status":"publish","type":"product","link":"https:\/\/geostation.ee\/en\/toode\/leica-disto-d1\/","title":{"rendered":"Leica Disto D1"},"content":{"rendered":"<table style=\"height: 224px\" width=\"701\">\n<tbody>\n<tr>\n<td>M\u00f5\u00f5tmist\u00e4psus<\/td>\n<td>\u00b1 2.0 mm<\/td>\n<\/tr>\n<tr>\n<td>M\u00f5\u00f5teulatus<\/td>\n<td>40 m<\/td>\n<\/tr>\n<tr>\n<td>Laser<\/td>\n<td>Class 2<\/td>\n<\/tr>\n<tr>\n<td>Andmeedastus<\/td>\n<td>Bluetooth<sup>\u00ae<\/sup> Smart<\/td>\n<\/tr>\n<tr>\n<td>Toide<\/td>\n<td>2x 1.5V (AAA patareid)<\/td>\n<\/tr>\n<tr>\n<td>Patarei kestvus<\/td>\n<td>~10 000 m\u00f5\u00f5tmist<\/td>\n<\/tr>\n<tr>\n<td>M\u00f5\u00f5tmed<\/td>\n<td>115 x 43.5 x 23.5 mm<\/td>\n<\/tr>\n<tr>\n<td>Kaal<\/td>\n<td>87 g<\/td>\n<\/tr>\n<\/tbody>\n<\/table>\n<p>&nbsp;<\/p>\n","protected":false},"excerpt":{"rendered":"<p>Tarneaeg: 2 n\u00e4dalat.<\/p>\n<p>Disto D1 on lihtne ja kerge laserkaugusm\u00f5\u00f5tja. Lisaks \u00fcksikm\u00f5\u00f5tmisele on seadmel ka pideva m\u00f5\u00f5tmise funktsioon.<\/p>\n","protected":false},"featured_media":1442,"template":"","meta":[],"product_brand":[],"product_cat":[85,100],"product_tag":[],"class_list":{"0":"post-1171","1":"product","2":"type-product","3":"status-publish","4":"has-post-thumbnail","6":"product_cat-kaugusmooturid","7":"product_cat-kaugusmooturid-ehituslaserid","8":"product_shipping_class-pakiautomaat","10":"first","11":"instock","12":"taxable","13":"shipping-taxable","14":"purchasable","15":"product-type-simple"},"jetpack_sharing_enabled":true,"_links":{"self":[{"href":"https:\/\/geostation.ee\/en\/wp-json\/wp\/v2\/product\/1171","targetHints":{"allow":["GET"]}}],"collection":[{"href":"https:\/\/geostation.ee\/en\/wp-json\/wp\/v2\/product"}],"about":[{"href":"https:\/\/geostation.ee\/en\/wp-json\/wp\/v2\/types\/product"}],"wp:featuredmedia":[{"embeddable":true,"href":"https:\/\/geostation.ee\/en\/wp-json\/wp\/v2\/media\/1442"}],"wp:attachment":[{"href":"https:\/\/geostation.ee\/en\/wp-json\/wp\/v2\/media?parent=1171"}],"wp:term":[{"taxonomy":"product_brand","embeddable":true,"href":"https:\/\/geostation.ee\/en\/wp-json\/wp\/v2\/product_brand?post=1171"},{"taxonomy":"product_cat","embeddable":true,"href":"https:\/\/geostation.ee\/en\/wp-json\/wp\/v2\/product_cat?post=1171"},{"taxonomy":"product_tag","embeddable":true,"href":"https:\/\/geostation.ee\/en\/wp-json\/wp\/v2\/product_tag?post=1171"}],"curies":[{"name":"wp","href":"https:\/\/api.w.org\/{rel}","templated":true}]}}