{"id":1158,"date":"2023-04-19T10:18:51","date_gmt":"2023-04-19T10:18:51","guid":{"rendered":"https:\/\/geostation.ee\/?post_type=product&#038;p=1158"},"modified":"2025-05-22T09:18:34","modified_gmt":"2025-05-22T09:18:34","slug":"leica-disto-x6","status":"publish","type":"product","link":"https:\/\/geostation.ee\/en\/toode\/leica-disto-x6\/","title":{"rendered":"Leica Disto X6"},"content":{"rendered":"<table style=\"height: 243px\" width=\"100%\">\n<tbody>\n<tr>\n<td>M\u00f5\u00f5tmist\u00e4psus<\/td>\n<td>\u00b1 1.0 mm<\/td>\n<\/tr>\n<tr>\n<td>M\u00f5\u00f5teulatus<\/td>\n<td>250 m<\/td>\n<\/tr>\n<tr>\n<td>Andmeedastus<\/td>\n<td>Bluetooth 5<\/td>\n<\/tr>\n<tr>\n<td>Vee- ja tolmukindlus<\/td>\n<td>IP65<\/td>\n<\/tr>\n<tr>\n<td>Toide<\/td>\n<td>Li-Ion aku<\/td>\n<\/tr>\n<tr>\n<td>Aku kestvus<\/td>\n<td>~4000 m\u00f5\u00f5tmist<\/td>\n<\/tr>\n<tr>\n<td>M\u00f5\u00f5tmed<\/td>\n<td>155 x 68 x 25 mm<\/td>\n<\/tr>\n<tr>\n<td>Kaal<\/td>\n<td>230 g<\/td>\n<\/tr>\n<\/tbody>\n<\/table>\n<p>&nbsp;<\/p>\n","protected":false},"excerpt":{"rendered":"<p>Tarneaeg: 2 n\u00e4dalat.<\/p>\n<p>Disto X6-l on 4-kordse suurendusega digitaalne sihik ning puutetundlik ja v\u00e4rviline ekraan. Seade on vee- ja tolmukindel ja paljude lisafunktsioonidega.<\/p>\n","protected":false},"featured_media":1439,"template":"","meta":[],"product_brand":[],"product_cat":[100,85],"product_tag":[],"class_list":{"0":"post-1158","1":"product","2":"type-product","3":"status-publish","4":"has-post-thumbnail","6":"product_cat-kaugusmooturid-ehituslaserid","7":"product_cat-kaugusmooturid","8":"product_shipping_class-pakiautomaat","10":"first","11":"instock","12":"taxable","13":"shipping-taxable","14":"purchasable","15":"product-type-simple"},"jetpack_sharing_enabled":true,"_links":{"self":[{"href":"https:\/\/geostation.ee\/en\/wp-json\/wp\/v2\/product\/1158","targetHints":{"allow":["GET"]}}],"collection":[{"href":"https:\/\/geostation.ee\/en\/wp-json\/wp\/v2\/product"}],"about":[{"href":"https:\/\/geostation.ee\/en\/wp-json\/wp\/v2\/types\/product"}],"wp:featuredmedia":[{"embeddable":true,"href":"https:\/\/geostation.ee\/en\/wp-json\/wp\/v2\/media\/1439"}],"wp:attachment":[{"href":"https:\/\/geostation.ee\/en\/wp-json\/wp\/v2\/media?parent=1158"}],"wp:term":[{"taxonomy":"product_brand","embeddable":true,"href":"https:\/\/geostation.ee\/en\/wp-json\/wp\/v2\/product_brand?post=1158"},{"taxonomy":"product_cat","embeddable":true,"href":"https:\/\/geostation.ee\/en\/wp-json\/wp\/v2\/product_cat?post=1158"},{"taxonomy":"product_tag","embeddable":true,"href":"https:\/\/geostation.ee\/en\/wp-json\/wp\/v2\/product_tag?post=1158"}],"curies":[{"name":"wp","href":"https:\/\/api.w.org\/{rel}","templated":true}]}}