{"id":1155,"date":"2023-04-18T21:25:49","date_gmt":"2023-04-18T21:25:49","guid":{"rendered":"https:\/\/geostation.ee\/?post_type=product&#038;p=1155"},"modified":"2023-11-08T08:08:57","modified_gmt":"2023-11-08T08:08:57","slug":"zeiss-prisma-2","status":"publish","type":"product","link":"https:\/\/geostation.ee\/en\/toode\/zeiss-prisma-2\/","title":{"rendered":"Zeiss prisma"},"content":{"rendered":"","protected":false},"excerpt":{"rendered":"<p>Tarneaeg: 1-3 t\u00f6\u00f6p\u00e4eva.<\/p>\n<p>Universaalne prisma plastikraami ja metallist plaadiga. Offset -35 mm. 5\/8&#8242; keere, prisma l\u00e4bim\u00f5\u00f5t <span class=\"hps\">62.5 mm<\/span>.<\/p>\n<p>Plaadi m\u00f5\u00f5t: <span class=\"hps\">168 x<\/span> <span class=\"hps\">180 mm<\/span>. <span class=\"hps\"><br \/>\n<\/span><\/p>\n<p>Seco \/ GS saua kasutades vali <a href=\"https:\/\/geostation.ee\/toode\/sauaadaptrid\/\">50 mm adapter.<\/a><\/p>\n","protected":false},"featured_media":1156,"template":"","meta":[],"product_brand":[],"product_cat":[80],"product_tag":[],"class_list":{"0":"post-1155","1":"product","2":"type-product","3":"status-publish","4":"has-post-thumbnail","6":"product_cat-prismad","7":"product_shipping_class-pakiautomaat","9":"first","10":"outofstock","11":"taxable","12":"shipping-taxable","13":"purchasable","14":"product-type-simple"},"jetpack_sharing_enabled":true,"_links":{"self":[{"href":"https:\/\/geostation.ee\/en\/wp-json\/wp\/v2\/product\/1155","targetHints":{"allow":["GET"]}}],"collection":[{"href":"https:\/\/geostation.ee\/en\/wp-json\/wp\/v2\/product"}],"about":[{"href":"https:\/\/geostation.ee\/en\/wp-json\/wp\/v2\/types\/product"}],"wp:featuredmedia":[{"embeddable":true,"href":"https:\/\/geostation.ee\/en\/wp-json\/wp\/v2\/media\/1156"}],"wp:attachment":[{"href":"https:\/\/geostation.ee\/en\/wp-json\/wp\/v2\/media?parent=1155"}],"wp:term":[{"taxonomy":"product_brand","embeddable":true,"href":"https:\/\/geostation.ee\/en\/wp-json\/wp\/v2\/product_brand?post=1155"},{"taxonomy":"product_cat","embeddable":true,"href":"https:\/\/geostation.ee\/en\/wp-json\/wp\/v2\/product_cat?post=1155"},{"taxonomy":"product_tag","embeddable":true,"href":"https:\/\/geostation.ee\/en\/wp-json\/wp\/v2\/product_tag?post=1155"}],"curies":[{"name":"wp","href":"https:\/\/api.w.org\/{rel}","templated":true}]}}