{"id":1136,"date":"2023-04-18T15:09:13","date_gmt":"2023-04-18T15:09:13","guid":{"rendered":"https:\/\/geostation.ee\/?post_type=product&#038;p=1136"},"modified":"2024-11-29T13:43:58","modified_gmt":"2024-11-29T13:43:58","slug":"moodulint-bmi-%c2%b12-3mm-10m","status":"publish","type":"product","link":"https:\/\/geostation.ee\/en\/toode\/moodulint-bmi-%c2%b12-3mm-10m\/","title":{"rendered":"M\u00f5\u00f5dulint BMI (\u00b12.3mm\/10m) 50m"},"content":{"rendered":"","protected":false},"excerpt":{"rendered":"<p>Tarneaeg: 1-3 t\u00f6\u00f6p\u00e4eva.<\/p>\n<p><span class=\"HwtZe\" lang=\"et\"><span class=\"jCAhz ChMk0b C1N51c\"><span class=\"ryNqvb\">Elektrit mittejuhtiv klaaskiust m\u00f5\u00f5dulint, mis on kergesti loetav, h\u00e4sti painduv ja \u00e4\u00e4rmiselt vastupidav veele, leelistele, soolalahustele, rasvale ja \u00f5lidele. BMI lint on pinge suhtes v\u00e4ga tundlik, seega ei tohi rakendada j\u00f5udu \u00fcle 5N.<br \/>\n<\/span><\/span><\/span><\/p>\n<p>Kerimismehanism on kuullaagritega v\u00f5llil.<\/p>\n<p>&nbsp;<\/p>\n","protected":false},"featured_media":1137,"template":"","meta":[],"product_brand":[],"product_cat":[91],"product_tag":[],"class_list":{"0":"post-1136","1":"product","2":"type-product","3":"status-publish","4":"has-post-thumbnail","6":"product_cat-muud-mootevahendid","7":"product_shipping_class-pakiautomaat","9":"first","10":"instock","11":"taxable","12":"shipping-taxable","13":"purchasable","14":"product-type-simple"},"jetpack_sharing_enabled":true,"_links":{"self":[{"href":"https:\/\/geostation.ee\/en\/wp-json\/wp\/v2\/product\/1136","targetHints":{"allow":["GET"]}}],"collection":[{"href":"https:\/\/geostation.ee\/en\/wp-json\/wp\/v2\/product"}],"about":[{"href":"https:\/\/geostation.ee\/en\/wp-json\/wp\/v2\/types\/product"}],"wp:featuredmedia":[{"embeddable":true,"href":"https:\/\/geostation.ee\/en\/wp-json\/wp\/v2\/media\/1137"}],"wp:attachment":[{"href":"https:\/\/geostation.ee\/en\/wp-json\/wp\/v2\/media?parent=1136"}],"wp:term":[{"taxonomy":"product_brand","embeddable":true,"href":"https:\/\/geostation.ee\/en\/wp-json\/wp\/v2\/product_brand?post=1136"},{"taxonomy":"product_cat","embeddable":true,"href":"https:\/\/geostation.ee\/en\/wp-json\/wp\/v2\/product_cat?post=1136"},{"taxonomy":"product_tag","embeddable":true,"href":"https:\/\/geostation.ee\/en\/wp-json\/wp\/v2\/product_tag?post=1136"}],"curies":[{"name":"wp","href":"https:\/\/api.w.org\/{rel}","templated":true}]}}