{"id":1130,"date":"2023-04-18T14:50:51","date_gmt":"2023-04-18T14:50:51","guid":{"rendered":"https:\/\/geostation.ee\/?post_type=product&#038;p=1130"},"modified":"2025-03-27T13:00:15","modified_gmt":"2025-03-27T13:00:15","slug":"moodulint-1-1mm-10m","status":"publish","type":"product","link":"https:\/\/geostation.ee\/en\/toode\/moodulint-1-1mm-10m\/","title":{"rendered":"M\u00f5\u00f5dulint Weiss (\u00b11.1mm\/10m) 30m ja 50m"},"content":{"rendered":"","protected":false},"excerpt":{"rendered":"<p>Tarneaeg: 1-3 t\u00f6\u00f6p\u00e4eva.<\/p>\n<p><span class=\"HwtZe\" lang=\"et\"><span class=\"jCAhz ChMk0b\"><span class=\"ryNqvb\">Pol\u00fcamiidkattega teraslint<\/span><\/span><\/span>, v\u00e4ga hea loetavusega numbrid ja hea kulumiskindlus. Terasv\u00f5llil.<\/p>\n<p>T\u00e4psus \u00b11.1 mm \/10 m kohta.<\/p>\n","protected":false},"featured_media":1133,"template":"","meta":[],"product_brand":[],"product_cat":[91],"product_tag":[],"class_list":{"0":"post-1130","1":"product","2":"type-product","3":"status-publish","4":"has-post-thumbnail","6":"product_cat-muud-mootevahendid","7":"product_shipping_class-pakiautomaat","9":"first","10":"instock","11":"taxable","12":"shipping-taxable","13":"purchasable","14":"product-type-variable"},"jetpack_sharing_enabled":true,"_links":{"self":[{"href":"https:\/\/geostation.ee\/en\/wp-json\/wp\/v2\/product\/1130","targetHints":{"allow":["GET"]}}],"collection":[{"href":"https:\/\/geostation.ee\/en\/wp-json\/wp\/v2\/product"}],"about":[{"href":"https:\/\/geostation.ee\/en\/wp-json\/wp\/v2\/types\/product"}],"wp:featuredmedia":[{"embeddable":true,"href":"https:\/\/geostation.ee\/en\/wp-json\/wp\/v2\/media\/1133"}],"wp:attachment":[{"href":"https:\/\/geostation.ee\/en\/wp-json\/wp\/v2\/media?parent=1130"}],"wp:term":[{"taxonomy":"product_brand","embeddable":true,"href":"https:\/\/geostation.ee\/en\/wp-json\/wp\/v2\/product_brand?post=1130"},{"taxonomy":"product_cat","embeddable":true,"href":"https:\/\/geostation.ee\/en\/wp-json\/wp\/v2\/product_cat?post=1130"},{"taxonomy":"product_tag","embeddable":true,"href":"https:\/\/geostation.ee\/en\/wp-json\/wp\/v2\/product_tag?post=1130"}],"curies":[{"name":"wp","href":"https:\/\/api.w.org\/{rel}","templated":true}]}}