{"id":1117,"date":"2023-04-18T11:24:22","date_gmt":"2023-04-18T11:24:22","guid":{"rendered":"https:\/\/geostation.ee\/?post_type=product&#038;p=1117"},"modified":"2025-12-09T14:05:46","modified_gmt":"2025-12-09T14:05:46","slug":"statiiv-sauale","status":"publish","type":"product","link":"https:\/\/geostation.ee\/en\/toode\/statiiv-sauale\/","title":{"rendered":"Statiiv sauale"},"content":{"rendered":"","protected":false},"excerpt":{"rendered":"<p>Tarneaeg: 1-3 t\u00f6\u00f6p\u00e4eva.<\/p>\n<p>Statiivi k\u00f5rgus: 1,05 m &#8211; 1,80 m, kaal 2.4 kg.<\/p>\n<p>Sobib sauadele l\u00e4bim\u00f5\u00f5duga 19-38 mm.<\/p>\n","protected":false},"featured_media":1118,"template":"","meta":[],"product_brand":[],"product_cat":[57],"product_tag":[],"class_list":{"0":"post-1117","1":"product","2":"type-product","3":"status-publish","4":"has-post-thumbnail","6":"product_cat-mootesauad","7":"product_shipping_class-kuller","9":"first","10":"instock","11":"taxable","12":"shipping-taxable","13":"purchasable","14":"product-type-simple"},"jetpack_sharing_enabled":true,"_links":{"self":[{"href":"https:\/\/geostation.ee\/en\/wp-json\/wp\/v2\/product\/1117","targetHints":{"allow":["GET"]}}],"collection":[{"href":"https:\/\/geostation.ee\/en\/wp-json\/wp\/v2\/product"}],"about":[{"href":"https:\/\/geostation.ee\/en\/wp-json\/wp\/v2\/types\/product"}],"wp:featuredmedia":[{"embeddable":true,"href":"https:\/\/geostation.ee\/en\/wp-json\/wp\/v2\/media\/1118"}],"wp:attachment":[{"href":"https:\/\/geostation.ee\/en\/wp-json\/wp\/v2\/media?parent=1117"}],"wp:term":[{"taxonomy":"product_brand","embeddable":true,"href":"https:\/\/geostation.ee\/en\/wp-json\/wp\/v2\/product_brand?post=1117"},{"taxonomy":"product_cat","embeddable":true,"href":"https:\/\/geostation.ee\/en\/wp-json\/wp\/v2\/product_cat?post=1117"},{"taxonomy":"product_tag","embeddable":true,"href":"https:\/\/geostation.ee\/en\/wp-json\/wp\/v2\/product_tag?post=1117"}],"curies":[{"name":"wp","href":"https:\/\/api.w.org\/{rel}","templated":true}]}}