{"id":1114,"date":"2023-04-18T11:08:33","date_gmt":"2023-04-18T11:08:33","guid":{"rendered":"https:\/\/geostation.ee\/?post_type=product&#038;p=1114"},"modified":"2024-11-05T11:13:53","modified_gmt":"2024-11-05T11:13:53","slug":"statiivi-alus-nedo","status":"publish","type":"product","link":"https:\/\/geostation.ee\/en\/toode\/statiivi-alus-nedo\/","title":{"rendered":"Statiivi alus Nedo"},"content":{"rendered":"","protected":false},"excerpt":{"rendered":"<p>Tarneaeg: 1-3 t\u00f6\u00f6p\u00e4eva.<\/p>\n<p>T\u00f6\u00f6asendis l\u00e4bim\u00f5\u00f5t umbes 1 m.<\/p>\n","protected":false},"featured_media":1115,"template":"","meta":[],"product_brand":[],"product_cat":[91,48],"product_tag":[],"class_list":{"0":"post-1114","1":"product","2":"type-product","3":"status-publish","4":"has-post-thumbnail","6":"product_cat-muud-mootevahendid","7":"product_cat-statiivid","8":"product_shipping_class-pakiautomaat","10":"first","11":"outofstock","12":"taxable","13":"shipping-taxable","14":"purchasable","15":"product-type-simple"},"jetpack_sharing_enabled":true,"_links":{"self":[{"href":"https:\/\/geostation.ee\/en\/wp-json\/wp\/v2\/product\/1114","targetHints":{"allow":["GET"]}}],"collection":[{"href":"https:\/\/geostation.ee\/en\/wp-json\/wp\/v2\/product"}],"about":[{"href":"https:\/\/geostation.ee\/en\/wp-json\/wp\/v2\/types\/product"}],"wp:featuredmedia":[{"embeddable":true,"href":"https:\/\/geostation.ee\/en\/wp-json\/wp\/v2\/media\/1115"}],"wp:attachment":[{"href":"https:\/\/geostation.ee\/en\/wp-json\/wp\/v2\/media?parent=1114"}],"wp:term":[{"taxonomy":"product_brand","embeddable":true,"href":"https:\/\/geostation.ee\/en\/wp-json\/wp\/v2\/product_brand?post=1114"},{"taxonomy":"product_cat","embeddable":true,"href":"https:\/\/geostation.ee\/en\/wp-json\/wp\/v2\/product_cat?post=1114"},{"taxonomy":"product_tag","embeddable":true,"href":"https:\/\/geostation.ee\/en\/wp-json\/wp\/v2\/product_tag?post=1114"}],"curies":[{"name":"wp","href":"https:\/\/api.w.org\/{rel}","templated":true}]}}