{"id":1095,"date":"2023-04-17T22:14:36","date_gmt":"2023-04-17T22:14:36","guid":{"rendered":"https:\/\/geostation.ee\/?post_type=product&#038;p=1095"},"modified":"2023-04-17T22:14:36","modified_gmt":"2023-04-17T22:14:36","slug":"acceptor-2-digital","status":"publish","type":"product","link":"https:\/\/geostation.ee\/en\/toode\/acceptor-2-digital\/","title":{"rendered":"Acceptor 2 digital"},"content":{"rendered":"<table style=\"height: 107px\" width=\"490\">\n<tbody>\n<tr>\n<td width=\"150\"><\/td>\n<td width=\"174\">Acceptor 2 digital<\/td>\n<\/tr>\n<tr>\n<td>T\u00e4psus:<\/td>\n<td>\u00b1 1 mm, \u00b1 4 mm and \u00b1 6 mm<\/td>\n<\/tr>\n<tr>\n<td>T\u00f6\u00f6piirkond:<\/td>\n<td>Kuni 550 m<\/td>\n<\/tr>\n<tr>\n<td>Vee- ja tolmukindlus:<\/td>\n<td>IP 67<\/td>\n<\/tr>\n<tr>\n<td>T\u00f6\u00f6aeg:<\/td>\n<td>Kuni 120 tundi<\/td>\n<\/tr>\n<tr>\n<td>Patarei:<\/td>\n<td>2 x 1.5 V (AA)<\/td>\n<\/tr>\n<tr>\n<td>Sensori riba pikkus:<\/td>\n<td>50 mm<\/td>\n<\/tr>\n<tr>\n<td>Kasutustemperatuur:<\/td>\n<td>&#8211; 20\u00b0C to + 50\u00b0C<\/td>\n<\/tr>\n<\/tbody>\n<\/table>\n","protected":false},"excerpt":{"rendered":"<div class=\"post-content woocommerce-product-details__short-description\">\n<p>Tarneaeg: 2 n\u00e4dalat.<\/p>\n<p>Acceptor 2 digital on mm-displeiga p\u00f6\u00f6rdlaserite vastuv\u00f5tja.<\/p>\n<p>Vastuv\u00f5tjaga on kaasas universaalne latikinnitus.<\/p>\n<\/div>\n","protected":false},"featured_media":1096,"template":"","meta":[],"product_brand":[],"product_cat":[90],"product_tag":[],"class_list":{"0":"post-1095","1":"product","2":"type-product","3":"status-publish","4":"has-post-thumbnail","6":"product_cat-vastuvotjad","7":"product_shipping_class-pakiautomaat","9":"first","10":"instock","11":"taxable","12":"shipping-taxable","13":"purchasable","14":"product-type-simple"},"jetpack_sharing_enabled":true,"_links":{"self":[{"href":"https:\/\/geostation.ee\/en\/wp-json\/wp\/v2\/product\/1095","targetHints":{"allow":["GET"]}}],"collection":[{"href":"https:\/\/geostation.ee\/en\/wp-json\/wp\/v2\/product"}],"about":[{"href":"https:\/\/geostation.ee\/en\/wp-json\/wp\/v2\/types\/product"}],"wp:featuredmedia":[{"embeddable":true,"href":"https:\/\/geostation.ee\/en\/wp-json\/wp\/v2\/media\/1096"}],"wp:attachment":[{"href":"https:\/\/geostation.ee\/en\/wp-json\/wp\/v2\/media?parent=1095"}],"wp:term":[{"taxonomy":"product_brand","embeddable":true,"href":"https:\/\/geostation.ee\/en\/wp-json\/wp\/v2\/product_brand?post=1095"},{"taxonomy":"product_cat","embeddable":true,"href":"https:\/\/geostation.ee\/en\/wp-json\/wp\/v2\/product_cat?post=1095"},{"taxonomy":"product_tag","embeddable":true,"href":"https:\/\/geostation.ee\/en\/wp-json\/wp\/v2\/product_tag?post=1095"}],"curies":[{"name":"wp","href":"https:\/\/api.w.org\/{rel}","templated":true}]}}