{"id":1066,"date":"2023-04-17T09:20:03","date_gmt":"2023-04-17T09:20:03","guid":{"rendered":"https:\/\/geostation.ee\/?post_type=product&#038;p=1066"},"modified":"2023-04-17T11:07:25","modified_gmt":"2023-04-17T11:07:25","slug":"x-liner-2","status":"publish","type":"product","link":"https:\/\/geostation.ee\/en\/toode\/x-liner-2\/","title":{"rendered":"X-liner 2"},"content":{"rendered":"<table width=\"383\">\n<tbody>\n<tr>\n<td width=\"161\"><\/td>\n<td width=\"222\">X-liner 2<\/td>\n<\/tr>\n<tr>\n<td>T\u00e4psus:<\/td>\n<td>\u00b1 0.3mm \/ 1m<\/td>\n<\/tr>\n<tr>\n<td>Kompensaator:<\/td>\n<td>\u00b1 4\u00b0<\/td>\n<\/tr>\n<tr>\n<td>T\u00f6\u00f6piirkond:<\/td>\n<td>u 50m (vastuv\u00f5tjaga 100m)<\/td>\n<\/tr>\n<tr>\n<td>Vee- ja tolmukindlus:<\/td>\n<td>IP54<\/td>\n<\/tr>\n<tr>\n<td>Aku\/patarei:<\/td>\n<td>3 x 1.5 V (AA)<\/td>\n<\/tr>\n<tr>\n<td>T\u00f6\u00f6aeg:<\/td>\n<td>u 20 tundi<\/td>\n<\/tr>\n<tr>\n<td>Lainepikkus:<\/td>\n<td>Laser class 2, 635 nm<\/td>\n<\/tr>\n<\/tbody>\n<\/table>\n","protected":false},"excerpt":{"rendered":"<p>Tarneaeg: 2 n\u00e4dalat.<\/p>\n<p>Kompensaatoriga ristlaser X-liner 2 on hea t\u00e4psuse ja n\u00e4htavusega. T\u00e4nu pulss-kiirele saab vajadusel kasutada ka <a href=\"https:\/\/geostation.ee\/toode\/acceptor-line\/\">vastuv\u00f5tjat<\/a>.<\/p>\n","protected":false},"featured_media":1075,"template":"","meta":[],"product_brand":[],"product_cat":[86],"product_tag":[98],"class_list":{"0":"post-1066","1":"product","2":"type-product","3":"status-publish","4":"has-post-thumbnail","6":"product_cat-ristlaserid","7":"product_tag-red","8":"product_shipping_class-pakiautomaat","10":"first","11":"instock","12":"taxable","13":"shipping-taxable","14":"purchasable","15":"product-type-simple"},"jetpack_sharing_enabled":true,"_links":{"self":[{"href":"https:\/\/geostation.ee\/en\/wp-json\/wp\/v2\/product\/1066","targetHints":{"allow":["GET"]}}],"collection":[{"href":"https:\/\/geostation.ee\/en\/wp-json\/wp\/v2\/product"}],"about":[{"href":"https:\/\/geostation.ee\/en\/wp-json\/wp\/v2\/types\/product"}],"wp:featuredmedia":[{"embeddable":true,"href":"https:\/\/geostation.ee\/en\/wp-json\/wp\/v2\/media\/1075"}],"wp:attachment":[{"href":"https:\/\/geostation.ee\/en\/wp-json\/wp\/v2\/media?parent=1066"}],"wp:term":[{"taxonomy":"product_brand","embeddable":true,"href":"https:\/\/geostation.ee\/en\/wp-json\/wp\/v2\/product_brand?post=1066"},{"taxonomy":"product_cat","embeddable":true,"href":"https:\/\/geostation.ee\/en\/wp-json\/wp\/v2\/product_cat?post=1066"},{"taxonomy":"product_tag","embeddable":true,"href":"https:\/\/geostation.ee\/en\/wp-json\/wp\/v2\/product_tag?post=1066"}],"curies":[{"name":"wp","href":"https:\/\/api.w.org\/{rel}","templated":true}]}}