{"id":1041,"date":"2023-04-16T19:50:03","date_gmt":"2023-04-16T19:50:03","guid":{"rendered":"https:\/\/geostation.ee\/?post_type=product&#038;p=1041"},"modified":"2025-06-16T14:22:50","modified_gmt":"2025-06-16T14:22:50","slug":"nedo-nivelliir-z32","status":"publish","type":"product","link":"https:\/\/geostation.ee\/en\/toode\/nedo-nivelliir-z32\/","title":{"rendered":"Nedo nivelliir Z32"},"content":{"rendered":"<table style=\"height: 202px\" width=\"494\">\n<tbody>\n<tr>\n<td width=\"161\"><\/td>\n<td width=\"222\">Nedo Z32<\/td>\n<\/tr>\n<tr>\n<td>Suurendus:<\/td>\n<td>32x<\/td>\n<\/tr>\n<tr>\n<td>L\u00fchim fookuskaugus:<\/td>\n<td>0.65 m<\/td>\n<\/tr>\n<tr>\n<td>Kompensaator:<\/td>\n<td>\u00b1 15\u2019<\/td>\n<\/tr>\n<tr>\n<td>Krv \/1km (edasi-tagasi):<\/td>\n<td>\u00b1 1.0 mm<\/td>\n<\/tr>\n<tr>\n<td>Tolmu- ja veekindlus:<\/td>\n<td>IP X6<\/td>\n<\/tr>\n<tr>\n<td>Kaal:<\/td>\n<td>1.75 kg<\/td>\n<\/tr>\n<\/tbody>\n<\/table>\n","protected":false},"excerpt":{"rendered":"<p>Tarneaeg: 2-3 n\u00e4dalat.<\/p>\n<p>Nedo optilised nivelliirid on t\u00e4psed, t\u00f6\u00f6kindlad ja ilmastikukindlad.<\/p>\n","protected":false},"featured_media":1042,"template":"","meta":[],"product_brand":[],"product_cat":[91,87],"product_tag":[95],"class_list":{"0":"post-1041","1":"product","2":"type-product","3":"status-publish","4":"has-post-thumbnail","6":"product_cat-muud-mootevahendid","7":"product_cat-nivelliirid","8":"product_tag-nivel","9":"product_shipping_class-pakiautomaat","11":"first","12":"onbackorder","13":"taxable","14":"shipping-taxable","15":"purchasable","16":"product-type-simple"},"jetpack_sharing_enabled":true,"_links":{"self":[{"href":"https:\/\/geostation.ee\/en\/wp-json\/wp\/v2\/product\/1041","targetHints":{"allow":["GET"]}}],"collection":[{"href":"https:\/\/geostation.ee\/en\/wp-json\/wp\/v2\/product"}],"about":[{"href":"https:\/\/geostation.ee\/en\/wp-json\/wp\/v2\/types\/product"}],"wp:featuredmedia":[{"embeddable":true,"href":"https:\/\/geostation.ee\/en\/wp-json\/wp\/v2\/media\/1042"}],"wp:attachment":[{"href":"https:\/\/geostation.ee\/en\/wp-json\/wp\/v2\/media?parent=1041"}],"wp:term":[{"taxonomy":"product_brand","embeddable":true,"href":"https:\/\/geostation.ee\/en\/wp-json\/wp\/v2\/product_brand?post=1041"},{"taxonomy":"product_cat","embeddable":true,"href":"https:\/\/geostation.ee\/en\/wp-json\/wp\/v2\/product_cat?post=1041"},{"taxonomy":"product_tag","embeddable":true,"href":"https:\/\/geostation.ee\/en\/wp-json\/wp\/v2\/product_tag?post=1041"}],"curies":[{"name":"wp","href":"https:\/\/api.w.org\/{rel}","templated":true}]}}