{"id":1033,"date":"2023-04-16T19:04:01","date_gmt":"2023-04-16T19:04:01","guid":{"rendered":"https:\/\/geostation.ee\/?post_type=product&#038;p=1033"},"modified":"2025-05-21T13:32:08","modified_gmt":"2025-05-21T13:32:08","slug":"x-liner-3d-green","status":"publish","type":"product","link":"https:\/\/geostation.ee\/en\/toode\/x-liner-3d-green\/","title":{"rendered":"X-Liner 3D green"},"content":{"rendered":"<table style=\"height: 137px\" width=\"591\">\n<tbody>\n<tr>\n<td width=\"161\"><\/td>\n<td width=\"222\">X-Liner 3D green<\/td>\n<\/tr>\n<tr>\n<td>T\u00e4psus:<\/td>\n<td>\u00b1 0.3mm \/ 1m<\/td>\n<\/tr>\n<tr>\n<td>Kompensaator:<\/td>\n<td>\u00b1 3\u00b0<\/td>\n<\/tr>\n<tr>\n<td>T\u00f6\u00f6piirkond:<\/td>\n<td>u 50m (vastuv\u00f5tjaga 120m)<\/td>\n<\/tr>\n<tr>\n<td>Vee- ja tolmukindlus:<\/td>\n<td>IP54<\/td>\n<\/tr>\n<tr>\n<td>Aku\/patarei:<\/td>\n<td>Li-Ion 7.4 V 2600 mAh v\u00f5i 4&#215;1.5V AA<\/td>\n<\/tr>\n<tr>\n<td>T\u00f6\u00f6aeg:<\/td>\n<td>u 25 tundi<\/td>\n<\/tr>\n<tr>\n<td>Laser\/lainepikkus:<\/td>\n<td>Laser class 2\/ 515 nm<\/td>\n<\/tr>\n<\/tbody>\n<\/table>\n","protected":false},"excerpt":{"rendered":"<p>Tarneaeg: 1-3 t\u00f6\u00f6p\u00e4eva.<\/p>\n<p>T\u00e4nu pulss-kiirele saab vajadusel kasutada ka <a href=\"https:\/\/geostation.ee\/toode\/acceptor-x-green\/\">vastuv\u00f5tjat<\/a>.<\/p>\n","protected":false},"featured_media":1034,"template":"","meta":[],"product_brand":[],"product_cat":[86],"product_tag":[97],"class_list":{"0":"post-1033","1":"product","2":"type-product","3":"status-publish","4":"has-post-thumbnail","6":"product_cat-ristlaserid","7":"product_tag-green","8":"product_shipping_class-pakiautomaat","10":"first","11":"instock","12":"taxable","13":"shipping-taxable","14":"purchasable","15":"product-type-simple"},"jetpack_sharing_enabled":true,"_links":{"self":[{"href":"https:\/\/geostation.ee\/en\/wp-json\/wp\/v2\/product\/1033","targetHints":{"allow":["GET"]}}],"collection":[{"href":"https:\/\/geostation.ee\/en\/wp-json\/wp\/v2\/product"}],"about":[{"href":"https:\/\/geostation.ee\/en\/wp-json\/wp\/v2\/types\/product"}],"wp:featuredmedia":[{"embeddable":true,"href":"https:\/\/geostation.ee\/en\/wp-json\/wp\/v2\/media\/1034"}],"wp:attachment":[{"href":"https:\/\/geostation.ee\/en\/wp-json\/wp\/v2\/media?parent=1033"}],"wp:term":[{"taxonomy":"product_brand","embeddable":true,"href":"https:\/\/geostation.ee\/en\/wp-json\/wp\/v2\/product_brand?post=1033"},{"taxonomy":"product_cat","embeddable":true,"href":"https:\/\/geostation.ee\/en\/wp-json\/wp\/v2\/product_cat?post=1033"},{"taxonomy":"product_tag","embeddable":true,"href":"https:\/\/geostation.ee\/en\/wp-json\/wp\/v2\/product_tag?post=1033"}],"curies":[{"name":"wp","href":"https:\/\/api.w.org\/{rel}","templated":true}]}}