{"id":1030,"date":"2023-04-16T17:27:13","date_gmt":"2023-04-16T17:27:13","guid":{"rendered":"https:\/\/geostation.ee\/?post_type=product&#038;p=1030"},"modified":"2023-04-18T09:56:13","modified_gmt":"2023-04-18T09:56:13","slug":"acceptor-maxx","status":"publish","type":"product","link":"https:\/\/geostation.ee\/en\/toode\/acceptor-maxx\/","title":{"rendered":"Acceptor Maxx p\u00f6\u00f6rdlaserile"},"content":{"rendered":"<table style=\"height: 183px\" width=\"470\">\n<tbody>\n<tr>\n<td width=\"146\"><\/td>\n<td width=\"140\">Acceptor Maxx<\/td>\n<\/tr>\n<tr>\n<td>T\u00e4psus:<\/td>\n<td>\u00b1 1, \u00b1 2, \u00b1 4 ja \u00b1 8 mm<\/td>\n<\/tr>\n<tr>\n<td>T\u00f6\u00f6piirkond:<\/td>\n<td>u 900m<\/td>\n<\/tr>\n<tr>\n<td>Vee- ja tolmukindlus:<\/td>\n<td>IP67<\/td>\n<\/tr>\n<tr>\n<td>Patarei:<\/td>\n<td>2 x 1.5 V (AA)<\/td>\n<\/tr>\n<tr>\n<td>T\u00f6\u00f6aeg:<\/td>\n<td>u 60 tundi<\/td>\n<\/tr>\n<tr>\n<td>Kasutustemperatuur:<\/td>\n<td>-20\u00b0C kuni +60\u00b0C<\/td>\n<\/tr>\n<tr>\n<td>Sensori riba pikkus:<\/td>\n<td>120mm<\/td>\n<\/tr>\n<\/tbody>\n<\/table>\n","protected":false},"excerpt":{"rendered":"<p>Tarneaeg: 1-3 t\u00f6\u00f6p\u00e4eva.<\/p>\n<p>Acceptor Maxx on mm-displeiga ja eriti laia sensorribaga p\u00f6\u00f6rdlaserite vastuv\u00f5tja keerulistesse tingimustesse.<\/p>\n<p>Vastuv\u00f5tjal on lisaks kahele ekraanile ka eredad led-tuled, mida on n\u00e4ha ka k\u00fcljelt.<\/p>\n<p>Vastuv\u00f5tjaga on kaasas universaalne latikinnitus.<\/p>\n","protected":false},"featured_media":1031,"template":"","meta":[],"product_brand":[],"product_cat":[90],"product_tag":[],"class_list":{"0":"post-1030","1":"product","2":"type-product","3":"status-publish","4":"has-post-thumbnail","6":"product_cat-vastuvotjad","7":"product_shipping_class-pakiautomaat","9":"first","10":"instock","11":"taxable","12":"shipping-taxable","13":"purchasable","14":"product-type-simple"},"jetpack_sharing_enabled":true,"_links":{"self":[{"href":"https:\/\/geostation.ee\/en\/wp-json\/wp\/v2\/product\/1030","targetHints":{"allow":["GET"]}}],"collection":[{"href":"https:\/\/geostation.ee\/en\/wp-json\/wp\/v2\/product"}],"about":[{"href":"https:\/\/geostation.ee\/en\/wp-json\/wp\/v2\/types\/product"}],"wp:featuredmedia":[{"embeddable":true,"href":"https:\/\/geostation.ee\/en\/wp-json\/wp\/v2\/media\/1031"}],"wp:attachment":[{"href":"https:\/\/geostation.ee\/en\/wp-json\/wp\/v2\/media?parent=1030"}],"wp:term":[{"taxonomy":"product_brand","embeddable":true,"href":"https:\/\/geostation.ee\/en\/wp-json\/wp\/v2\/product_brand?post=1030"},{"taxonomy":"product_cat","embeddable":true,"href":"https:\/\/geostation.ee\/en\/wp-json\/wp\/v2\/product_cat?post=1030"},{"taxonomy":"product_tag","embeddable":true,"href":"https:\/\/geostation.ee\/en\/wp-json\/wp\/v2\/product_tag?post=1030"}],"curies":[{"name":"wp","href":"https:\/\/api.w.org\/{rel}","templated":true}]}}