{"id":1013,"date":"2023-04-15T21:16:50","date_gmt":"2023-04-15T21:16:50","guid":{"rendered":"https:\/\/geostation.ee\/?post_type=product&#038;p=1013"},"modified":"2026-04-13T03:46:23","modified_gmt":"2026-04-13T03:46:23","slug":"sirius-h-taiskomplekt","status":"publish","type":"product","link":"https:\/\/geostation.ee\/en\/toode\/sirius-h-taiskomplekt\/","title":{"rendered":"Sirius H t\u00e4iskomplekt"},"content":{"rendered":"<table style=\"height: 192px;\" width=\"696\">\n<tbody>\n<tr>\n<td width=\"146\"><\/td>\n<td width=\"140\">Sirius H<\/td>\n<td width=\"134\">Acceptor Maxx<\/td>\n<\/tr>\n<tr>\n<td>T\u00e4psus:<\/td>\n<td>\u00b1 1mm \/ 10m<\/td>\n<td>\u00b1 1, \u00b1 2, \u00b1 4 ja \u00b1 8 mm<\/td>\n<\/tr>\n<tr>\n<td>Kompensaator:<\/td>\n<td>\u00b1 5\u00b0<\/td>\n<td><\/td>\n<\/tr>\n<tr>\n<td>T\u00f6\u00f6piirkond:<\/td>\n<td>u 400m<\/td>\n<td>u 900m<\/td>\n<\/tr>\n<tr>\n<td>P\u00f6\u00f6rlemiskiirus:<\/td>\n<td>600 p\/m<\/td>\n<td><\/td>\n<\/tr>\n<tr>\n<td>Vee- ja tolmukindlus:<\/td>\n<td>IP65<\/td>\n<td>IP67<\/td>\n<\/tr>\n<tr>\n<td>Aku\/patarei:<\/td>\n<td>NiMH 4.8 V, 3800 mAh<\/td>\n<td>2 x 1.5 V (AA)<\/td>\n<\/tr>\n<tr>\n<td>T\u00f6\u00f6aeg:<\/td>\n<td>u 30 tundi<\/td>\n<td>u 60 tundi<\/td>\n<\/tr>\n<tr>\n<td>Kaal:<\/td>\n<td>2.3 kg<\/td>\n<td><\/td>\n<\/tr>\n<tr>\n<td>M\u00f5\u00f5dud:<\/td>\n<td>150 x 200 x 190 mm<\/td>\n<td><\/td>\n<\/tr>\n<tr>\n<td>Kasutustemperatuur:<\/td>\n<td>-20\u00b0C kuni + 50\u00b0C<\/td>\n<td>-20\u00b0C kuni +60\u00b0C<\/td>\n<\/tr>\n<tr>\n<td>Sensori riba pikkus:<\/td>\n<td><\/td>\n<td>120mm<\/td>\n<\/tr>\n<\/tbody>\n<\/table>\n","protected":false},"excerpt":{"rendered":"<p>Tarneaeg: 1-3 t\u00f6\u00f6p\u00e4eva.<\/p>\n<p>Komplekt sisaldab: p\u00f6\u00f6rdlaser Sirius H, <a href=\"https:\/\/geostation.ee\/toode\/acceptor-maxx\/\">vastuv\u00f5tja Acceptor Maxx<\/a>, kandekast, laadija. <a href=\"https:\/\/geostation.ee\/toode\/poordlaseri-latt\/\">m\u00f5\u00f5telatt<\/a>, ja <a href=\"https:\/\/geostation.ee\/toode\/alumiiniumstatiiv-3-6-kg\/\">statiiv<\/a>.<\/p>\n<p>Vastuv\u00f5tjal on lisaks kahele ekraanile ka eredad led-tuled, mida on n\u00e4ha ka k\u00fcljelt.<\/p>\n","protected":false},"featured_media":1018,"template":"","meta":[],"product_brand":[],"product_cat":[84],"product_tag":[],"class_list":{"0":"post-1013","1":"product","2":"type-product","3":"status-publish","4":"has-post-thumbnail","6":"product_cat-poordlaserid","7":"product_shipping_class-kuller","9":"first","10":"instock","11":"sale","12":"taxable","13":"shipping-taxable","14":"purchasable","15":"product-type-simple"},"jetpack_sharing_enabled":true,"_links":{"self":[{"href":"https:\/\/geostation.ee\/en\/wp-json\/wp\/v2\/product\/1013","targetHints":{"allow":["GET"]}}],"collection":[{"href":"https:\/\/geostation.ee\/en\/wp-json\/wp\/v2\/product"}],"about":[{"href":"https:\/\/geostation.ee\/en\/wp-json\/wp\/v2\/types\/product"}],"wp:featuredmedia":[{"embeddable":true,"href":"https:\/\/geostation.ee\/en\/wp-json\/wp\/v2\/media\/1018"}],"wp:attachment":[{"href":"https:\/\/geostation.ee\/en\/wp-json\/wp\/v2\/media?parent=1013"}],"wp:term":[{"taxonomy":"product_brand","embeddable":true,"href":"https:\/\/geostation.ee\/en\/wp-json\/wp\/v2\/product_brand?post=1013"},{"taxonomy":"product_cat","embeddable":true,"href":"https:\/\/geostation.ee\/en\/wp-json\/wp\/v2\/product_cat?post=1013"},{"taxonomy":"product_tag","embeddable":true,"href":"https:\/\/geostation.ee\/en\/wp-json\/wp\/v2\/product_tag?post=1013"}],"curies":[{"name":"wp","href":"https:\/\/api.w.org\/{rel}","templated":true}]}}